{"id":2770,"date":"2018-06-05T10:43:41","date_gmt":"2018-06-05T10:43:41","guid":{"rendered":"http:\/\/bolge.elated-themes.com\/?page_id=783"},"modified":"2023-08-15T10:02:54","modified_gmt":"2023-08-15T08:02:54","slug":"nach-der-schule","status":"publish","type":"page","link":"https:\/\/www.daskreativlabor.ch\/en\/nach-der-schule\/","title":{"rendered":"After School Classes"},"content":{"rendered":"<p>[vc_row][vc_column][vc_empty_space height=&#8220;80px&#8220;][\/vc_column][\/vc_row][vc_row content_placement=&#8220;middle&#8220;][vc_column css=&#8220;.vc_custom_1602084489794{padding-top: 0px !important;padding-right: 0px !important;padding-bottom: 0px !important;padding-left: 0px !important;}&#8220; offset=&#8220;vc_col-lg-6 vc_col-md-12 vc_col-xs-12&#8243;]<div class=\"eltdf-elements-holder   eltdf-one-column  eltdf-responsive-mode-768\" ><div class=\"eltdf-eh-item\"  data-item-class=\"eltdf-eh-custom-3031\" data-1367-1600=\"0 15% 0 13%\" data-1025-1366=\"0 15% 0 13%\" data-769-1024=\"10% 15% 11.5% 13%\" data-681-768=\"10% 17% 11.5% 13%\" data-680=\"10% 10% 13%\">\n\t<div class=\"eltdf-eh-item-inner\">\n\t\t<div class=\"eltdf-eh-item-content eltdf-eh-custom-3031\" style=\"padding: 0 25% 0 13%\">\n\t\t\t<div class=\"eltdf-section-title-holder  eltdf-st-standard eltdf-st-title-left eltdf-st-normal-space eltdf-st-disable-title-break\" >\n\t<div class=\"eltdf-st-inner\">\n\t\t\t\t\t<h3 class=\"eltdf-st-title\" >\n\t\t\t\tAfter School Classes\t\t\t<\/h3>\n\t\t\t\t\t\t\t<p class=\"eltdf-st-text\" style=\"font-size: 18px;margin-top: 48px\">\n\t\t\t\tKreative Kurse mit spannenden Projekten in kleinen Gruppen f\u00fcr Kinder ab der 1. Klasse!<br \/>\nDie Sch\u00fcler kommen nach der Schule ins Kreativlabor, dort essen wir gemeinsam ein gesundes Z\u2019Vieri und gestalten verschiedene Projekte.<br \/>\nDie Kurse finden im Kreativlabor, Baumgartenweg 4, 4104 Oberwil statt, nur wenige Minuten vom Wehrlin- und Thomasgartenschulhaus entfernt und die Busstation Nr. 61\/64 \u201eBaumgartenweg\u201c ist zu Fuss in 1min erreichbar.<br \/>\nIch halte die Gruppen bewusst klein (max. 6 Kinder\/Gruppe) damit jede*r Sch\u00fcler*in bei Bedarf ausreichend Unterst\u00fctzung und grosse Aufmerksamkeit erh\u00e4lt. Freundschaften k\u00f6nnen entstehen, k\u00fcnstlerische F\u00e4higkeiten werden vermittelt und die Kinder k\u00f6nnen dieses kreative Zeitfenster nach dem Stress der schulischen Verpflichtungen geniessen.\nDas Ziel ist es, die Kreativit\u00e4t der Kinder zu f\u00f6rdern und Kinder zu inspirieren, sch\u00f6ne Dinge zu gestalten.\t\t\t<\/p>\n\t\t\t<\/div>\n<\/div>[vc_empty_space height=&#8220;28px&#8220;]\t\t<\/div>\n\t<\/div>\n<\/div><\/div>[\/vc_column][vc_column css=&#8220;.vc_custom_1602084955088{padding-top: 0px !important;padding-right: 0px !important;padding-bottom: 0px !important;padding-left: 0px !important;}&#8220; offset=&#8220;vc_col-lg-6 vc_col-md-12 vc_col-sm-offset-0 vc_col-xs-12&#8243;][vc_row_inner][vc_column_inner]<div class=\"eltdf-single-image-holder\">\n    <div class=\"eltdf-si-inner\" >\n                                    <img width=\"2147\" height=\"2560\" src=\"https:\/\/www.daskreativlabor.ch\/wp-content\/uploads\/2020\/08\/IMG_20200626_163136_-scaled.jpg\" class=\"attachment-full size-full\" alt=\"\" loading=\"lazy\" srcset=\"https:\/\/www.daskreativlabor.ch\/wp-content\/uploads\/2020\/08\/IMG_20200626_163136_-scaled.jpg 2147w, https:\/\/www.daskreativlabor.ch\/wp-content\/uploads\/2020\/08\/IMG_20200626_163136_-252x300.jpg 252w, https:\/\/www.daskreativlabor.ch\/wp-content\/uploads\/2020\/08\/IMG_20200626_163136_-859x1024.jpg 859w, https:\/\/www.daskreativlabor.ch\/wp-content\/uploads\/2020\/08\/IMG_20200626_163136_-768x916.jpg 768w, https:\/\/www.daskreativlabor.ch\/wp-content\/uploads\/2020\/08\/IMG_20200626_163136_-1288x1536.jpg 1288w, https:\/\/www.daskreativlabor.ch\/wp-content\/uploads\/2020\/08\/IMG_20200626_163136_-1717x2048.jpg 1717w, https:\/\/www.daskreativlabor.ch\/wp-content\/uploads\/2020\/08\/IMG_20200626_163136_-10x12.jpg 10w, https:\/\/www.daskreativlabor.ch\/wp-content\/uploads\/2020\/08\/IMG_20200626_163136_-600x716.jpg 600w\" sizes=\"(max-width: 2147px) 100vw, 2147px\" \/>                        <\/div>\n<\/div>[vc_empty_space height=&#8220;42px&#8220;][\/vc_column_inner][\/vc_row_inner][\/vc_column][\/vc_row][vc_row content_placement=&#8220;middle&#8220;][vc_column css=&#8220;.vc_custom_1528197967960{padding-top: 0px !important;padding-right: 0px !important;padding-bottom: 0px !important;padding-left: 0px !important;}&#8220; offset=&#8220;vc_col-lg-6 vc_col-md-12&#8243;][vc_row_inner][vc_column_inner]<div class=\"eltdf-single-image-holder\">\n    <div class=\"eltdf-si-inner\" >\n                                    <img width=\"1723\" height=\"2560\" src=\"https:\/\/www.daskreativlabor.ch\/wp-content\/uploads\/2021\/02\/IMG_20200922_171518-Kopie-scaled.jpg\" class=\"attachment-full size-full\" alt=\"\" loading=\"lazy\" srcset=\"https:\/\/www.daskreativlabor.ch\/wp-content\/uploads\/2021\/02\/IMG_20200922_171518-Kopie-scaled.jpg 1723w, https:\/\/www.daskreativlabor.ch\/wp-content\/uploads\/2021\/02\/IMG_20200922_171518-Kopie-202x300.jpg 202w, https:\/\/www.daskreativlabor.ch\/wp-content\/uploads\/2021\/02\/IMG_20200922_171518-Kopie-689x1024.jpg 689w, https:\/\/www.daskreativlabor.ch\/wp-content\/uploads\/2021\/02\/IMG_20200922_171518-Kopie-768x1141.jpg 768w, https:\/\/www.daskreativlabor.ch\/wp-content\/uploads\/2021\/02\/IMG_20200922_171518-Kopie-1034x1536.jpg 1034w, https:\/\/www.daskreativlabor.ch\/wp-content\/uploads\/2021\/02\/IMG_20200922_171518-Kopie-1379x2048.jpg 1379w, https:\/\/www.daskreativlabor.ch\/wp-content\/uploads\/2021\/02\/IMG_20200922_171518-Kopie-8x12.jpg 8w, https:\/\/www.daskreativlabor.ch\/wp-content\/uploads\/2021\/02\/IMG_20200922_171518-Kopie-600x891.jpg 600w\" sizes=\"(max-width: 1723px) 100vw, 1723px\" \/>                        <\/div>\n<\/div>[vc_empty_space height=&#8220;42px&#8220;][\/vc_column_inner][\/vc_row_inner][\/vc_column][vc_column css=&#8220;.vc_custom_1596959624410{padding-top: 0px !important;padding-right: 0px !important;padding-bottom: 0px !important;padding-left: 0px !important;}&#8220; offset=&#8220;vc_col-lg-6 vc_col-md-12&#8243;]<div class=\"eltdf-elements-holder   eltdf-one-column  eltdf-responsive-mode-768\" ><div class=\"eltdf-eh-item\"  data-item-class=\"eltdf-eh-custom-8686\" data-1367-1600=\"0 15% 0 13%\" data-1025-1366=\"0 15% 0 13%\" data-769-1024=\"10% 15% 10% 13%\" data-681-768=\"10% 17% 10% 13%\" data-680=\"10% 10%\">\n\t<div class=\"eltdf-eh-item-inner\">\n\t\t<div class=\"eltdf-eh-item-content eltdf-eh-custom-8686\" style=\"padding: 0 25% 0 13%\">\n\t\t\t<div class=\"eltdf-section-title-holder  eltdf-st-standard eltdf-st-title-left eltdf-st-normal-space eltdf-st-disable-title-break\" >\n\t<div class=\"eltdf-st-inner\">\n\t\t\t\t\t<h3 class=\"eltdf-st-title\" >\n\t\t\t\tDas machen wir nach der Schule\t\t\t<\/h3>\n\t\t\t\t\t\t\t<p class=\"eltdf-st-text\" style=\"font-size: 18px;margin-top: 48px\">\n\t\t\t\tDie Sch\u00fcler kommen nach der Schule und gestalten verschiedene Kunst- und N\u00e4hprojekte, bei denen die Kreativit\u00e4t, Selbstst\u00e4ndigkeit und Feinmotorik geschult wird. Im Kreativlabor werden die Sch\u00fcler*innen die Bedienung der N\u00e4hmaschine erlernen, Projekte n\u00e4hen, handwerken und neue Ideen entwickeln!<br \/>\nDie Wochenkurse finden w\u00e4hrend eines Semesters statt. Sie melden Ihr Kind also f\u00fcr ein ganzes Semester an. Es k\u00f6nnen jeweils Kurseinheiten\/Semester hintereinander, \u00fcber das ganze Schuljahr fortlaufend besucht werden und somit eine ganzj\u00e4hrige Nachschulbetreuung gebucht werden. In den Schulferien finden keine Kurse statt.\nAlle weiteren Informationen finden Sie in den einzelnen Kursbeschreibungen.\t\t\t<\/p>\n\t\t\t<\/div>\n<\/div>[vc_empty_space height=&#8220;28px&#8220;]\t\t<\/div>\n\t<\/div>\n<\/div><\/div>[\/vc_column][\/vc_row][vc_row][vc_column][vc_empty_space height=&#8220;80px&#8220;][\/vc_column][\/vc_row][vc_row row_content_width=&#8220;grid&#8220;][vc_column]<div class=\"eltdf-section-title-holder  eltdf-st-standard eltdf-st-title-left eltdf-st-normal-space\" style=\"text-align: left\">\n\t<div class=\"eltdf-st-inner\">\n\t\t\t\t\t<h3 class=\"eltdf-st-title\" >\n\t\t\t\tJetzt anmelden!\t\t\t<\/h3>\n\t\t\t\t\t<\/div>\n<\/div>[vc_empty_space height=&#8220;48px&#8220;]<div class=\"eltdf-pl-holder eltdf-grid-list eltdf-disable-bottom-space eltdf-standard-layout eltdf-three-columns eltdf-huge-space eltdf-info-below-image\">\n\t<div class=\"eltdf-pl-outer eltdf-outer-space\">\n\t\t<div class=\"eltdf-pli eltdf-item-space eltdf-fixed-masonry-item eltdf-masonry-size-small\" >\n\t<div class=\"eltdf-pli-inner\">\n\t\t<div class=\"eltdf-pli-image\">\n\t\t\t\n\t<span class=\"eltdf-pli-new-product\">New<\/span>\n<img width=\"300\" height=\"300\" src=\"https:\/\/www.daskreativlabor.ch\/wp-content\/uploads\/2020\/08\/1607518620090-300x300.png\" class=\"attachment-woocommerce_thumbnail size-woocommerce_thumbnail wp-post-image\" alt=\"\" loading=\"lazy\" srcset=\"https:\/\/www.daskreativlabor.ch\/wp-content\/uploads\/2020\/08\/1607518620090-300x300.png 300w, https:\/\/www.daskreativlabor.ch\/wp-content\/uploads\/2020\/08\/1607518620090-1024x1024.png 1024w, https:\/\/www.daskreativlabor.ch\/wp-content\/uploads\/2020\/08\/1607518620090-150x150.png 150w, https:\/\/www.daskreativlabor.ch\/wp-content\/uploads\/2020\/08\/1607518620090-768x768.png 768w, https:\/\/www.daskreativlabor.ch\/wp-content\/uploads\/2020\/08\/1607518620090-12x12.png 12w, https:\/\/www.daskreativlabor.ch\/wp-content\/uploads\/2020\/08\/1607518620090-550x550.png 550w, https:\/\/www.daskreativlabor.ch\/wp-content\/uploads\/2020\/08\/1607518620090-1100x1100.png 1100w, https:\/\/www.daskreativlabor.ch\/wp-content\/uploads\/2020\/08\/1607518620090-600x600.png 600w, https:\/\/www.daskreativlabor.ch\/wp-content\/uploads\/2020\/08\/1607518620090-100x100.png 100w, https:\/\/www.daskreativlabor.ch\/wp-content\/uploads\/2020\/08\/1607518620090.png 1280w\" sizes=\"(max-width: 300px) 100vw, 300px\" \/>\t\t<\/div>\n\t\t<div class=\"eltdf-pli-text\" >\n\t\t\t<div class=\"eltdf-pli-text-outer\">\n\t\t\t\t<div class=\"eltdf-pli-text-inner\">\n\t\t\t\t\t\t\n\t<div class=\"eltdf-pli-add-to-cart eltdf-default-skin\">\n\t\t<a rel=\"nofollow\" href=\"https:\/\/www.daskreativlabor.ch\/en\/product\/naehlabor-freitagnachmittag-fuer-kinder-von-8-11-jahren-herbstmodul-19-aug-22-23-sept-22\/\" data-quantity=\"1\" data-product_id=\"3680\" data-product_sku=\"01-02-03-1\" class=\"button product_type_variable add_to_cart_button eltdf-button\" data-no-translation=\"\" data-trp-gettext=\"\">Read more<\/a>\t<\/div>\n\t\t\t\t<\/div>\n\t\t\t<\/div>\n\t\t<\/div>\n\t\t<a class=\"eltdf-pli-link\" itemprop=\"url\" href=\"https:\/\/www.daskreativlabor.ch\/en\/product\/naehlabor-freitagnachmittag-fuer-kinder-von-8-11-jahren-herbstmodul-19-aug-22-23-sept-22\/\" title=\"N\u00e4hlabor Freitagnachmittag f\u00fcr Kinder von 8 -12 Jahren &#8211; 15.30-17.15 Uhr\"><\/a>\n\t<\/div>\n\t<div class=\"eltdf-pli-text-wrapper\" style=\"text-align: center\">\n\t\t    <h5 itemprop=\"name\" class=\"entry-title eltdf-pli-title\" >\n\t\t<a itemprop=\"url\" href=\"https:\/\/www.daskreativlabor.ch\/en\/product\/naehlabor-freitagnachmittag-fuer-kinder-von-8-11-jahren-herbstmodul-19-aug-22-23-sept-22\/\">N\u00e4hlabor Freitagnachmittag f\u00fcr Kinder von 8 -12 Jahren &#8211; 15.30-17.15 Uhr<\/a>\n\t<\/h5>\n\t\t\n\t\t\t\t\n\t\t\t\n\t<p itemprop=\"description\" class=\"eltdf-pli-excerpt\">&lt;div class=&quot;woocommerce-product-details__short-description&quot;&gt;<\/p>\n\t\t\n\t\t\t\t\n\t\t\t<\/div>\n<\/div><div class=\"eltdf-pli eltdf-item-space eltdf-fixed-masonry-item eltdf-masonry-size-small\" >\n\t<div class=\"eltdf-pli-inner\">\n\t\t<div class=\"eltdf-pli-image\">\n\t\t\t\n\t<span class=\"eltdf-pli-new-product\">New<\/span>\n<img width=\"300\" height=\"300\" src=\"https:\/\/www.daskreativlabor.ch\/wp-content\/uploads\/2021\/01\/IMG_20200613_161417-300x300.jpg\" class=\"attachment-woocommerce_thumbnail size-woocommerce_thumbnail wp-post-image\" alt=\"\" loading=\"lazy\" srcset=\"https:\/\/www.daskreativlabor.ch\/wp-content\/uploads\/2021\/01\/IMG_20200613_161417-300x300.jpg 300w, https:\/\/www.daskreativlabor.ch\/wp-content\/uploads\/2021\/01\/IMG_20200613_161417-1024x1024.jpg 1024w, https:\/\/www.daskreativlabor.ch\/wp-content\/uploads\/2021\/01\/IMG_20200613_161417-768x768.jpg 768w, https:\/\/www.daskreativlabor.ch\/wp-content\/uploads\/2021\/01\/IMG_20200613_161417-1536x1536.jpg 1536w, https:\/\/www.daskreativlabor.ch\/wp-content\/uploads\/2021\/01\/IMG_20200613_161417-12x12.jpg 12w, https:\/\/www.daskreativlabor.ch\/wp-content\/uploads\/2021\/01\/IMG_20200613_161417-550x550.jpg 550w, https:\/\/www.daskreativlabor.ch\/wp-content\/uploads\/2021\/01\/IMG_20200613_161417-1100x1100.jpg 1100w, https:\/\/www.daskreativlabor.ch\/wp-content\/uploads\/2021\/01\/IMG_20200613_161417-600x600.jpg 600w, https:\/\/www.daskreativlabor.ch\/wp-content\/uploads\/2021\/01\/IMG_20200613_161417-100x100.jpg 100w\" sizes=\"(max-width: 300px) 100vw, 300px\" \/>\t\t<\/div>\n\t\t<div class=\"eltdf-pli-text\" >\n\t\t\t<div class=\"eltdf-pli-text-outer\">\n\t\t\t\t<div class=\"eltdf-pli-text-inner\">\n\t\t\t\t\t\t\n\t<div class=\"eltdf-pli-add-to-cart eltdf-default-skin\">\n\t\t<a rel=\"nofollow\" href=\"https:\/\/www.daskreativlabor.ch\/en\/product\/naehlabor-montagnachmittag-fuer-kinder-von-8-11-jahren-herbstmodul-15-aug-22-7-nov-22\/\" data-quantity=\"1\" data-product_id=\"3684\" data-product_sku=\"01-02-03-1-1\" class=\"button product_type_variable add_to_cart_button eltdf-button\" data-no-translation=\"\" data-trp-gettext=\"\">Select options<\/a>\t<\/div>\n\t\t\t\t<\/div>\n\t\t\t<\/div>\n\t\t<\/div>\n\t\t<a class=\"eltdf-pli-link\" itemprop=\"url\" href=\"https:\/\/www.daskreativlabor.ch\/en\/product\/naehlabor-montagnachmittag-fuer-kinder-von-8-11-jahren-herbstmodul-15-aug-22-7-nov-22\/\" title=\"N\u00e4hlabor Dienstagnachmittag f\u00fcr Kinder von 8 -12 Jahren &#8211; 16.00-17.45 Uhr\"><\/a>\n\t<\/div>\n\t<div class=\"eltdf-pli-text-wrapper\" style=\"text-align: center\">\n\t\t    <h5 itemprop=\"name\" class=\"entry-title eltdf-pli-title\" >\n\t\t<a itemprop=\"url\" href=\"https:\/\/www.daskreativlabor.ch\/en\/product\/naehlabor-montagnachmittag-fuer-kinder-von-8-11-jahren-herbstmodul-15-aug-22-7-nov-22\/\">N\u00e4hlabor Dienstagnachmittag f\u00fcr Kinder von 8 -12 Jahren &#8211; 16.00-17.45 Uhr<\/a>\n\t<\/h5>\n\t\t\n\t\t\t\t\n\t\t\t\n\t<p itemprop=\"description\" class=\"eltdf-pli-excerpt\">&lt;strong&gt;F\u00fcr N\u00e4hfreudige und Kreativbegeisterte ab ca. 3. K<\/p>\n\t\t\n\t\t\t\t\n\t\t\t<div class=\"eltdf-pli-price\"><span class=\"woocommerce-Price-amount amount\"><span class=\"woocommerce-Price-currencySymbol\">&#067;&#072;&#070;<\/span>&nbsp;600.00<\/span><\/div>\n\t<\/div>\n<\/div><div class=\"eltdf-pli eltdf-item-space eltdf-fixed-masonry-item eltdf-masonry-size-small\" >\n\t<div class=\"eltdf-pli-inner\">\n\t\t<div class=\"eltdf-pli-image\">\n\t\t\t\n<img width=\"300\" height=\"300\" src=\"https:\/\/www.daskreativlabor.ch\/wp-content\/uploads\/2021\/04\/IMG_20201009_145636_991_-300x300.jpg\" class=\"attachment-woocommerce_thumbnail size-woocommerce_thumbnail wp-post-image\" alt=\"\" loading=\"lazy\" srcset=\"https:\/\/www.daskreativlabor.ch\/wp-content\/uploads\/2021\/04\/IMG_20201009_145636_991_-300x300.jpg 300w, https:\/\/www.daskreativlabor.ch\/wp-content\/uploads\/2021\/04\/IMG_20201009_145636_991_-550x550.jpg 550w, https:\/\/www.daskreativlabor.ch\/wp-content\/uploads\/2021\/04\/IMG_20201009_145636_991_-1100x1100.jpg 1100w, https:\/\/www.daskreativlabor.ch\/wp-content\/uploads\/2021\/04\/IMG_20201009_145636_991_-100x100.jpg 100w\" sizes=\"(max-width: 300px) 100vw, 300px\" \/>\t\t<\/div>\n\t\t<div class=\"eltdf-pli-text\" >\n\t\t\t<div class=\"eltdf-pli-text-outer\">\n\t\t\t\t<div class=\"eltdf-pli-text-inner\">\n\t\t\t\t\t\t\n\t<div class=\"eltdf-pli-add-to-cart eltdf-default-skin\">\n\t\t<a rel=\"nofollow\" href=\"https:\/\/www.daskreativlabor.ch\/en\/product\/naehlabor-fuer-fortgeschrittene-und-teenager-donnerstag-abend-herbstmodul-18-aug-3-nov-22-kopie\/\" data-quantity=\"1\" data-product_id=\"3690\" data-product_sku=\"01-02-02-1\" class=\"button product_type_variable add_to_cart_button eltdf-button\" data-no-translation=\"\" data-trp-gettext=\"\">Select options<\/a>\t<\/div>\n\t\t\t\t<\/div>\n\t\t\t<\/div>\n\t\t<\/div>\n\t\t<a class=\"eltdf-pli-link\" itemprop=\"url\" href=\"https:\/\/www.daskreativlabor.ch\/en\/product\/naehlabor-fuer-fortgeschrittene-und-teenager-donnerstag-abend-herbstmodul-18-aug-3-nov-22-kopie\/\" title=\"N\u00e4hlabor f\u00fcr Fortgeschrittene und Teenager \u2013 Dienstag Abend 18.00-19.45 Uhr\"><\/a>\n\t<\/div>\n\t<div class=\"eltdf-pli-text-wrapper\" style=\"text-align: center\">\n\t\t    <h5 itemprop=\"name\" class=\"entry-title eltdf-pli-title\" >\n\t\t<a itemprop=\"url\" href=\"https:\/\/www.daskreativlabor.ch\/en\/product\/naehlabor-fuer-fortgeschrittene-und-teenager-donnerstag-abend-herbstmodul-18-aug-3-nov-22-kopie\/\">N\u00e4hlabor f\u00fcr Fortgeschrittene und Teenager \u2013 Dienstag Abend 18.00-19.45 Uhr<\/a>\n\t<\/h5>\n\t\t\n\t\t\t\t\n\t\t\t\n\t<p itemprop=\"description\" class=\"eltdf-pli-excerpt\">&lt;strong&gt;Der N\u00e4hkurs f\u00fcr alle, die mehr wollen\u2026 Einstieg <\/p>\n\t\t\n\t\t\t\t\n\t\t\t<div class=\"eltdf-pli-price\"><span class=\"woocommerce-Price-amount amount\"><span class=\"woocommerce-Price-currencySymbol\">&#067;&#072;&#070;<\/span>&nbsp;537.00<\/span><\/div>\n\t<\/div>\n<\/div>\t<\/div>\n<\/div>[\/vc_column][\/vc_row][vc_row][vc_column][vc_empty_space height=&#8220;80px&#8220;][\/vc_column][\/vc_row]<\/p>","protected":false},"excerpt":{"rendered":"<p>[vc_row][vc_column][vc_empty_space height=&#8220;80px&#8220;][\/vc_column][\/vc_row][vc_row content_placement=&#8220;middle&#8220;][vc_column css=&#8220;.vc_custom_1602084489794{padding-top: 0px !important;padding-right: 0px !important;padding-bottom: 0px !important;padding-left: 0px !important;}&#8220; offset=&#8220;vc_col-lg-6 vc_col-md-12 vc_col-xs-12&#8243;][\/vc_column][vc_column css=&#8220;.vc_custom_1602084955088{padding-top: 0px !important;padding-right: 0px !important;padding-bottom: 0px !important;padding-left: 0px !important;}&#8220; offset=&#8220;vc_col-lg-6 vc_col-md-12 vc_col-sm-offset-0 vc_col-xs-12&#8243;][vc_row_inner][vc_column_inner][vc_empty_space height=&#8220;42px&#8220;][\/vc_column_inner][\/vc_row_inner][\/vc_column][\/vc_row][vc_row content_placement=&#8220;middle&#8220;][vc_column css=&#8220;.vc_custom_1528197967960{padding-top: 0px !important;padding-right: 0px !important;padding-bottom: 0px !important;padding-left: 0px !important;}&#8220; offset=&#8220;vc_col-lg-6 vc_col-md-12&#8243;][vc_row_inner][vc_column_inner][vc_empty_space [&hellip;]<\/p>","protected":false},"author":3,"featured_media":0,"parent":0,"menu_order":0,"comment_status":"closed","ping_status":"closed","template":"full-width.php","meta":{"spay_email":""},"_links":{"self":[{"href":"https:\/\/www.daskreativlabor.ch\/en\/wp-json\/wp\/v2\/pages\/2770"}],"collection":[{"href":"https:\/\/www.daskreativlabor.ch\/en\/wp-json\/wp\/v2\/pages"}],"about":[{"href":"https:\/\/www.daskreativlabor.ch\/en\/wp-json\/wp\/v2\/types\/page"}],"author":[{"embeddable":true,"href":"https:\/\/www.daskreativlabor.ch\/en\/wp-json\/wp\/v2\/users\/3"}],"replies":[{"embeddable":true,"href":"https:\/\/www.daskreativlabor.ch\/en\/wp-json\/wp\/v2\/comments?post=2770"}],"version-history":[{"count":18,"href":"https:\/\/www.daskreativlabor.ch\/en\/wp-json\/wp\/v2\/pages\/2770\/revisions"}],"predecessor-version":[{"id":3825,"href":"https:\/\/www.daskreativlabor.ch\/en\/wp-json\/wp\/v2\/pages\/2770\/revisions\/3825"}],"wp:attachment":[{"href":"https:\/\/www.daskreativlabor.ch\/en\/wp-json\/wp\/v2\/media?parent=2770"}],"curies":[{"name":"wp","href":"https:\/\/api.w.org\/{rel}","templated":true}]}}