{"id":881,"date":"2018-06-05T14:19:55","date_gmt":"2018-06-05T14:19:55","guid":{"rendered":"http:\/\/bolge.elated-themes.com\/?page_id=881"},"modified":"2024-08-14T10:26:40","modified_gmt":"2024-08-14T08:26:40","slug":"about","status":"publish","type":"page","link":"https:\/\/www.daskreativlabor.ch\/en\/about\/","title":{"rendered":"About"},"content":{"rendered":"<p>[vc_row content_placement=&#8220;middle&#8220; row_content_width=&#8220;grid&#8220; css=&#8220;.vc_custom_1528452491767{padding-bottom: 120px !important;}&#8220;][vc_column offset=&#8220;vc_col-lg-5 vc_col-md-6 vc_col-xs-12&#8243;]<div class=\"eltdf-single-image-holder\">\n    <div class=\"eltdf-si-inner\" >\n                                    <img width=\"2424\" height=\"2250\" src=\"https:\/\/www.daskreativlabor.ch\/wp-content\/uploads\/2021\/02\/Portrait-rund.jpg\" class=\"attachment-full size-full\" alt=\"\" loading=\"lazy\" srcset=\"https:\/\/www.daskreativlabor.ch\/wp-content\/uploads\/2021\/02\/Portrait-rund.jpg 2424w, https:\/\/www.daskreativlabor.ch\/wp-content\/uploads\/2021\/02\/Portrait-rund-300x278.jpg 300w, https:\/\/www.daskreativlabor.ch\/wp-content\/uploads\/2021\/02\/Portrait-rund-1024x950.jpg 1024w, https:\/\/www.daskreativlabor.ch\/wp-content\/uploads\/2021\/02\/Portrait-rund-768x713.jpg 768w, https:\/\/www.daskreativlabor.ch\/wp-content\/uploads\/2021\/02\/Portrait-rund-1536x1426.jpg 1536w, https:\/\/www.daskreativlabor.ch\/wp-content\/uploads\/2021\/02\/Portrait-rund-13x12.jpg 13w, https:\/\/www.daskreativlabor.ch\/wp-content\/uploads\/2021\/02\/Portrait-rund-600x557.jpg 600w\" sizes=\"(max-width: 2424px) 100vw, 2424px\" \/>                        <\/div>\n<\/div>[\/vc_column][vc_column offset=&#8220;vc_col-lg-7 vc_col-md-6&#8243;]<div class=\"eltdf-elements-holder   eltdf-one-column  eltdf-responsive-mode-768\" ><div class=\"eltdf-eh-item\"  data-item-class=\"eltdf-eh-custom-4088\" data-1367-1600=\"0 2% 0 9%\" data-1025-1366=\"0 0 0 9%\" data-769-1024=\"0 0 0 0%\" data-681-768=\"10% 0 0 0\" data-680=\"15% 0 0 0\">\n\t<div class=\"eltdf-eh-item-inner\">\n\t\t<div class=\"eltdf-eh-item-content eltdf-eh-custom-4088\" style=\"padding: 0 0 0 9%\">\n\t\t\t<div class=\"eltdf-section-title-holder  eltdf-st-standard eltdf-st-title-left eltdf-st-normal-space\" >\n\t<div class=\"eltdf-st-inner\">\n\t\t\t\t\t<h2 class=\"eltdf-st-title\" >\n\t\t\t\tAbout\t\t\t<\/h2>\n\t\t\t\t\t\t\t<p class=\"eltdf-st-text\" style=\"margin-top: 19px\">\n\t\t\t\tIch bin eine Macherin, ein kreativer Kopf, passionierte Gestalterin und inspiriert von mutigen Menschen. Ich arbeite nach dem Motto:\n\u201e Jeder kann kreativ sein! \u201c\t\t\t<\/p>\n\t\t\t<\/div>\n<\/div>[vc_empty_space height=&#8220;9px&#8220;][vc_column_text]<\/p>\n<p class=\"p1\">Ich liebe das Handwerken, das N\u00e4hen, das Experimentieren und die Zusammenarbeit mit anderen Menschen, weswegen das Kreativlabor meine Vision und Berufung ist. Im Kreativlabor leite ich Kreativ-Workshops und N\u00e4hkurse f\u00fcr Kinder und Jugendliche.<\/p>\n<p class=\"p1\">Meine Kreativit\u00e4t und meine Vielseitigkeit unterst\u00fctzen mich bei der Entwicklung von neuen Ideen und Projekten. Ich bin ausgebildete Lehrerin f\u00fcr Gestalten TTG, Dipl. Fashiondesignerin HFP und Kursleiterin. Zur Zeit arbeite ich als Dozentin an der P\u00e4dagogischen Hochschule FHNW und bilde zuk\u00fcnftige Lehrer*innen im Fachbereich TTG (technisches und textiles Gestalten) aus. Mit meinem Mann und meinen zwei Kindern (Jg. 2010\/2014) wohne ich in der N\u00e4he von Basel, Schweiz.<\/p>\n<p>[\/vc_column_text][vc_empty_space height=&#8220;46px&#8220;]<a itemprop=\"url\" href=\"https:\/\/www.daskreativlabor.ch\/en\/about\/\" target=\"_self\"  class=\"eltdf-btn eltdf-btn-medium eltdf-btn-solid eltdf-dir-aware-hover\"  >\n    <span class=\"eltdf-btn-text\">Mehr erfahren<\/span>\n            \t<span class=\"eltdf-btn-background-holder\">\n\t\t    <span class=\"eltdf-btn-background\"><\/span>\n\t   <\/span>\n    <\/a>\t\t<\/div>\n\t<\/div>\n<\/div><\/div>[vc_empty_space][\/vc_column][\/vc_row][vc_row row_content_width=&#8220;grid&#8220;][vc_column el_id=&#8220;change&#8220;]<div class=\"eltdf-section-title-holder  eltdf-st-standard eltdf-st-title-left eltdf-st-normal-space\" >\n\t<div class=\"eltdf-st-inner\">\n\t\t\t\t\t<h4 class=\"eltdf-st-title\" >\n\t\t\t\tBe the change you want to see\t\t\t<\/h4>\n\t\t\t\t\t<\/div>\n<\/div>[vc_empty_space][vc_column_text]<\/p>\n<p class=\"p1\">Fast t\u00e4glich wird bei uns zu Hause gewerkelt, gemalt, gen\u00e4ht oder geschnippselt und wie durch Zufall entstehen die wundervollsten Kunstwerke! Immer wieder staune ich \u00fcber den nat\u00fcrlichen Gestaltungssinn von Kindern und lasse mich von ihren Ideen leiten.<\/p>\n<p class=\"p1\">Ein offener Geist, ein grosses Herz und eine Passion f\u00fcr sch\u00f6ne Dinge treiben mich an tolle Arbeiten zu kreieren. Wenn ich nicht gerade hinter der N\u00e4hmaschine sitze, gehe ich mit meinen Kindern in der Natur auf Entdeckungstour, tr\u00e4ume von Kanada oder trinke an einem gem\u00fctlichen Ort einen starken Kaffee.<\/p>\n<p>[\/vc_column_text][vc_empty_space height=&#8220;60px&#8220;]<div class=\"eltdf-single-image-holder\">\n    <div class=\"eltdf-si-inner\" >\n                                    <img width=\"1024\" height=\"769\" src=\"https:\/\/www.daskreativlabor.ch\/wp-content\/uploads\/2020\/10\/dscn2300_komprimiert-1024x769.jpg\" class=\"attachment-large size-large\" alt=\"\" loading=\"lazy\" srcset=\"https:\/\/www.daskreativlabor.ch\/wp-content\/uploads\/2020\/10\/dscn2300_komprimiert-1024x769.jpg 1024w, https:\/\/www.daskreativlabor.ch\/wp-content\/uploads\/2020\/10\/dscn2300_komprimiert-300x225.jpg 300w, https:\/\/www.daskreativlabor.ch\/wp-content\/uploads\/2020\/10\/dscn2300_komprimiert-768x577.jpg 768w, https:\/\/www.daskreativlabor.ch\/wp-content\/uploads\/2020\/10\/dscn2300_komprimiert-600x451.jpg 600w, https:\/\/www.daskreativlabor.ch\/wp-content\/uploads\/2020\/10\/dscn2300_komprimiert.jpg 1140w\" sizes=\"(max-width: 1024px) 100vw, 1024px\" \/>                        <\/div>\n<\/div>[vc_empty_space height=&#8220;60px&#8220;][vc_column_text]<\/p>\n<p class=\"p1\">Sehr spontan entschied ich mich Lehrerin f\u00fcr textiles und technisches Gestalten (TTG) zu werden, da ich meine Passion f\u00fcr das Kreative, Textile und die Arbeit mit Kindern verbinden kann.<\/p>\n<p class=\"p1\">F\u00fcr die verschiedenen Arbeiten im Kreativlabor gestalte, n\u00e4he, teste, klebe, schneide und male ich und bin stets auf der Suche nach neuen Ideen und spannenden Projekten.<\/p>\n<p class=\"p1\">Das Unterrichten liegt mir seit jeher am Herzen und ich unterrichtete fast 20 Jahre textiles Gestalten in der Primarschule. Mit viel Freude und Herzblut erlernten bereits hunderte Sch\u00fcler und Sch\u00fclerinnen h\u00e4keln, stricken, n\u00e4hen, filzen und der Umgang mit der N\u00e4hmaschine. Parallel dazu erwarb ich das Diplom in Fashiondesign HFP der Schweizerischen Textilfachschule. Sp\u00e4ter, in Kanada absolvierte ich eine Weiterbildung in Erwachsenenbildung und arbeitsbezogenes Lernen, was mir nun bei der Planung neuer Kurse sehr hilfreich ist.<\/p>\n<p>[\/vc_column_text][vc_empty_space height=&#8220;60px&#8220;][\/vc_column][\/vc_row][vc_row row_content_width=&#8220;grid&#8220;][vc_column]<div class=\"eltdf-section-title-holder  eltdf-st-standard eltdf-st-title-left eltdf-st-normal-space\" >\n\t<div class=\"eltdf-st-inner\">\n\t\t\t\t\t<h4 class=\"eltdf-st-title\" >\n\t\t\t\t\u00dcberrasche dich selbst!\t\t\t<\/h4>\n\t\t\t\t\t<\/div>\n<\/div>[vc_empty_space][vc_column_text]<\/p>\n<p class=\"p1\">2006 wagte ich bereits den Schritt in die Selbstst\u00e4ndigkeit und er\u00f6ffnete ein Atelier in einem wundersch\u00f6nen Altstadthaus in Basel. F\u00fcr das Label \u201eMiss Scillas Fairy Garden\u201c designte ich eine verspielte saisonale Damenkollektion inklusive Accessoires, stellte diese her und vertrieb sie an den wichtigsten Schweizer Design Veranstaltungen wie &#8222;Blickfang&#8220; oder &#8222;In and Out&#8220;. Bald darauf kam die Idee N\u00e4hkurse f\u00fcr Jugendliche anzubieten \u2013 was f\u00fcr ein Erfolg! Bereits nach dem ersten Kurs wusste ich, dass ich meine Leidenschaft gefunden hatte.<\/p>\n<p class=\"p1\">2013 zog es meine kleine Familie ins wundersch\u00f6ne Vancouver, Kanada! Dort hatte ich die Gelegenheit Kurse anzubieten, sogenannte \u201ecrafternoons\u201c f\u00fcr Kinder von 3-5 Jahren. Inspiriert durch meine eigenen Kinder leitete ich \u201emixed-media Projekte\u201c, bei denen die Kinder nach Anleitung ein Bild oder einen Gegenstand mit vielen verschiedenen Materialien und Techniken herstellen. Dabei geht es um die Freude am \u201eMachen\u201c und den Prozess. Das Endprodukt ist immer \u00fcberraschend!<\/p>\n<p>[\/vc_column_text][vc_empty_space height=&#8220;60px&#8220;]<div class=\"eltdf-single-image-holder\">\n    <div class=\"eltdf-si-inner\" >\n                                    <img width=\"1024\" height=\"681\" src=\"https:\/\/www.daskreativlabor.ch\/wp-content\/uploads\/2020\/10\/AboutImage-1024x681.jpg\" class=\"attachment-large size-large\" alt=\"\" loading=\"lazy\" srcset=\"https:\/\/www.daskreativlabor.ch\/wp-content\/uploads\/2020\/10\/AboutImage-1024x681.jpg 1024w, https:\/\/www.daskreativlabor.ch\/wp-content\/uploads\/2020\/10\/AboutImage-300x200.jpg 300w, https:\/\/www.daskreativlabor.ch\/wp-content\/uploads\/2020\/10\/AboutImage-768x511.jpg 768w, https:\/\/www.daskreativlabor.ch\/wp-content\/uploads\/2020\/10\/AboutImage-600x399.jpg 600w, https:\/\/www.daskreativlabor.ch\/wp-content\/uploads\/2020\/10\/AboutImage.jpg 1206w\" sizes=\"(max-width: 1024px) 100vw, 1024px\" \/>                        <\/div>\n<\/div>[vc_empty_space height=&#8220;60px&#8220;][vc_column_text]<\/p>\n<p class=\"p1\">Zur\u00fcck in der Schweiz war es Zeit f\u00fcr einen n\u00e4chsten Schritt, Das Kreativlabor entstand 2019. Meine Leidenschaft f\u00fcrs Gestalten und Unterrichten f\u00fcgen sich in den Kreativ- und N\u00e4hkursen f\u00fcr Kinder und Jugendliche perfekt zusammen und die strahlenden, stolzen Augen der Kursteilnehmer*innen treiben mich stetig an neue Ideen und Arbeiten zu entwickeln. Das Kreativlabor ist ein Ort, an dem \u00dcberraschendes, Sch\u00f6nes und Individuelles entsteht.<\/p>\n<p class=\"p1\">Bis bald im Kreativlabor!<\/p>\n<p>[\/vc_column_text][vc_empty_space height=&#8220;60px&#8220;]<div class=\"eltdf-single-image-holder\">\n    <div class=\"eltdf-si-inner\" >\n                                    <img width=\"1024\" height=\"854\" src=\"https:\/\/www.daskreativlabor.ch\/wp-content\/uploads\/2020\/12\/20180516_113655__-1024x854.jpg\" class=\"attachment-large size-large\" alt=\"\" loading=\"lazy\" srcset=\"https:\/\/www.daskreativlabor.ch\/wp-content\/uploads\/2020\/12\/20180516_113655__-1024x854.jpg 1024w, https:\/\/www.daskreativlabor.ch\/wp-content\/uploads\/2020\/12\/20180516_113655__-300x250.jpg 300w, https:\/\/www.daskreativlabor.ch\/wp-content\/uploads\/2020\/12\/20180516_113655__-768x640.jpg 768w, https:\/\/www.daskreativlabor.ch\/wp-content\/uploads\/2020\/12\/20180516_113655__-1536x1281.jpg 1536w, https:\/\/www.daskreativlabor.ch\/wp-content\/uploads\/2020\/12\/20180516_113655__-14x12.jpg 14w, https:\/\/www.daskreativlabor.ch\/wp-content\/uploads\/2020\/12\/20180516_113655__-600x500.jpg 600w\" sizes=\"(max-width: 1024px) 100vw, 1024px\" \/>                        <\/div>\n<\/div>[vc_empty_space height=&#8220;60px&#8220;]<a itemprop=\"url\" href=\"https:\/\/www.daskreativlabor.ch\/en\/shop\/\" target=\"_self\"  class=\"eltdf-btn eltdf-btn-medium eltdf-btn-solid eltdf-dir-aware-hover\"  >\n    <span class=\"eltdf-btn-text\">Zu den Kursen<\/span>\n            \t<span class=\"eltdf-btn-background-holder\">\n\t\t    <span class=\"eltdf-btn-background\"><\/span>\n\t   <\/span>\n    <\/a>[vc_empty_space height=&#8220;60px&#8220;][\/vc_column][\/vc_row]<\/p>","protected":false},"excerpt":{"rendered":"<p>[vc_row content_placement=&#8220;middle&#8220; row_content_width=&#8220;grid&#8220; css=&#8220;.vc_custom_1528452491767{padding-bottom: 120px !important;}&#8220;][vc_column offset=&#8220;vc_col-lg-5 vc_col-md-6 vc_col-xs-12&#8243;][\/vc_column][vc_column offset=&#8220;vc_col-lg-7 vc_col-md-6&#8243;][vc_empty_space][\/vc_column][\/vc_row][vc_row row_content_width=&#8220;grid&#8220;][vc_column el_id=&#8220;change&#8220;][vc_empty_space][vc_column_text] Fast t\u00e4glich wird bei uns zu Hause gewerkelt, gemalt, gen\u00e4ht oder geschnippselt und wie durch Zufall entstehen die wundervollsten Kunstwerke! Immer wieder staune ich \u00fcber den nat\u00fcrlichen Gestaltungssinn [&hellip;]<\/p>","protected":false},"author":1,"featured_media":0,"parent":0,"menu_order":0,"comment_status":"closed","ping_status":"closed","template":"full-width.php","meta":{"spay_email":""},"_links":{"self":[{"href":"https:\/\/www.daskreativlabor.ch\/en\/wp-json\/wp\/v2\/pages\/881"}],"collection":[{"href":"https:\/\/www.daskreativlabor.ch\/en\/wp-json\/wp\/v2\/pages"}],"about":[{"href":"https:\/\/www.daskreativlabor.ch\/en\/wp-json\/wp\/v2\/types\/page"}],"author":[{"embeddable":true,"href":"https:\/\/www.daskreativlabor.ch\/en\/wp-json\/wp\/v2\/users\/1"}],"replies":[{"embeddable":true,"href":"https:\/\/www.daskreativlabor.ch\/en\/wp-json\/wp\/v2\/comments?post=881"}],"version-history":[{"count":29,"href":"https:\/\/www.daskreativlabor.ch\/en\/wp-json\/wp\/v2\/pages\/881\/revisions"}],"predecessor-version":[{"id":3864,"href":"https:\/\/www.daskreativlabor.ch\/en\/wp-json\/wp\/v2\/pages\/881\/revisions\/3864"}],"wp:attachment":[{"href":"https:\/\/www.daskreativlabor.ch\/en\/wp-json\/wp\/v2\/media?parent=881"}],"curies":[{"name":"wp","href":"https:\/\/api.w.org\/{rel}","templated":true}]}}