{"id":2742,"date":"2020-08-06T09:30:36","date_gmt":"2020-08-06T09:30:36","guid":{"rendered":"https:\/\/www.daskreativlabor.ch\/?post_type=product&#038;p=2742"},"modified":"2024-07-25T06:37:12","modified_gmt":"2024-07-25T04:37:12","slug":"kreativlabor-to-go-katze-kitty-cat","status":"publish","type":"product","link":"https:\/\/www.daskreativlabor.ch\/en\/product\/kreativlabor-to-go-katze-kitty-cat\/","title":{"rendered":"Kreativlabor to go \u2013 Katze Kitty Cat"},"content":{"rendered":"<p><strong>Eine tolle N\u00e4harbeit und ein s\u00fcsses Kuscheltier als Endprodukt!<\/strong><\/p>\n<p>&nbsp;<\/p>\n<p>Ideal f\u00fcr Kinder 7+. Gr\u00f6sse der fertigen Katze ist ca. 16x14cm, Dauer ca. 3-4 Stunden, in 4 verschiedenen Farbvarianten erh\u00e4ltlich oder Farben nach Wunsch (bitte bei der Bestellung unter &#8222;Pers\u00f6nlich&#8220; w\u00e4hlen und bei Kommentar den Farbwunsch angeben).<\/p>\n<p>&nbsp;<\/p>\n<p>Die Bastelsets von Kreativlabor sind einfach und perfekt, um mit Kindern zu n\u00e4hen und kreativ zu sein. Alles, was ihr braucht, ist im Kreativ-set enthalten und die Bedienungsanleitung ist klar und enth\u00e4lt viele Fotos. Projekt und Farbe ausw\u00e4hlen, das Set geliefert bekommen und beginnen &#8211; so einfach geht das! Stoff, Nadeln, Muster, Faden und Garn, alles ist dabei und man kann gleich loslegen.<\/p>\n<p>Im Set bekommst du das Material und die Anleitung:<\/p>\n<ul>\n<li>Papier \u2013 Vorlage<\/li>\n<li>Stecknadeln<\/li>\n<li>N\u00e4hfaden\/N\u00e4hnadel<\/li>\n<li>F\u00fcllwatte<\/li>\n<li>Passendes Band<\/li>\n<li>Stickgarn und Filzreste<\/li>\n<\/ul>\n<p>Das brauchst du noch von zu Hause: Schere, Stift: N\u00e4hzauberstift oder Frixion-Stift<\/p>\n<p>Preis exkl. Versand 25.-<\/p>\n<p>&nbsp;<\/p>","protected":false},"excerpt":{"rendered":"<p>Eine tolle N\u00e4harbeit und ein s\u00fcsses Kuscheltier als Endprodukt!<\/p>\n<p>&nbsp;<\/p>\n<p>Ideal f\u00fcr Kinder 7+. Gr\u00f6sse der fertigen Katze ist ca. 16x14cm, Dauer ca. 3-4 Stunden, in 5 verschiedenen Farbvarianten erh\u00e4ltlich.<\/p>","protected":false},"featured_media":2671,"comment_status":"open","ping_status":"closed","template":"","meta":{"spay_email":""},"_links":{"self":[{"href":"https:\/\/www.daskreativlabor.ch\/en\/wp-json\/wp\/v2\/product\/2742"}],"collection":[{"href":"https:\/\/www.daskreativlabor.ch\/en\/wp-json\/wp\/v2\/product"}],"about":[{"href":"https:\/\/www.daskreativlabor.ch\/en\/wp-json\/wp\/v2\/types\/product"}],"replies":[{"embeddable":true,"href":"https:\/\/www.daskreativlabor.ch\/en\/wp-json\/wp\/v2\/comments?post=2742"}],"wp:featuredmedia":[{"embeddable":true,"href":"https:\/\/www.daskreativlabor.ch\/en\/wp-json\/wp\/v2\/media\/2671"}],"wp:attachment":[{"href":"https:\/\/www.daskreativlabor.ch\/en\/wp-json\/wp\/v2\/media?parent=2742"}],"curies":[{"name":"wp","href":"https:\/\/api.w.org\/{rel}","templated":true}]}}