{"id":2751,"date":"2020-08-06T11:47:49","date_gmt":"2020-08-06T11:47:49","guid":{"rendered":"https:\/\/www.daskreativlabor.ch\/?post_type=product&#038;p=2751"},"modified":"2024-08-17T11:05:25","modified_gmt":"2024-08-17T09:05:25","slug":"kreativlabor-to-go-regenbogen-wickeln","status":"publish","type":"product","link":"https:\/\/www.daskreativlabor.ch\/en\/product\/kreativlabor-to-go-regenbogen-wickeln\/","title":{"rendered":"Kreativlabor to go \u2013 Regenbogen wickeln"},"content":{"rendered":"<p><strong>Sch\u00f6ne und einfache Arbeit zum Verweilen!\u00a0<\/strong><\/p>\n<p>Dieser Regenbogen ist eine sch\u00f6ne und einfache Arbeit, bei der man verweilen kann. Ideal f\u00fcr Kinder 6+. Gr\u00f6sse des fertigen Projekts ist ca. 18x13cm, Dauer ca. 2.5 &#8211; 3.5 Std., in drei Farbvarianten erh\u00e4ltlich.<\/p>\n<p>Die Bastelsets von Kreativlabor sind einfach und perfekt, um mit Kindern zu n\u00e4hen und kreativ zu sein. Alles, was ihr braucht, ist im Kreativ-set enthalten und die Bedienungsanleitung ist klar und enth\u00e4lt viele Fotos. Projekt und Farbe ausw\u00e4hlen, das Set geliefert bekommen und beginnen &#8211; so einfach geht das! Stoff, Nadeln, Muster, Faden und Garn, alles ist dabei und man kann gleich loslegen.<\/p>\n<p>&nbsp;<\/p>\n<p>Im Set bekommst du das Material und die Anleitung zu dir nach Hause geschickt:<\/p>\n<ul>\n<li>Seil<\/li>\n<li>Nadel<\/li>\n<li>Garn oder Wolle in 5 Farben<\/li>\n<li>D\u00fcnne Nadel und N\u00e4hfaden<\/li>\n<\/ul>\n<p>Das brauchst du noch von zu Hause: Schere, Klebstreifen<\/p>\n<p>Preis exkl. Versand 25.-<\/p>\n<p>&nbsp;<\/p>","protected":false},"excerpt":{"rendered":"<p>Sch\u00f6ne und einfache Arbeit zum Verweilen!<\/p>\n<p>&nbsp;<\/p>\n<p>Dieser Regenbogen ist eine sch\u00f6ne und einfache Arbeit, bei der man verweilen kann. Ideal f\u00fcr Kinder 6+. Gr\u00f6sse des fertigen Projekts ist ca. 18x13cm, Dauer ca. 2.5 &#8211; 3.5 Std., in drei Farbvarianten erh\u00e4ltlich.<\/p>","protected":false},"featured_media":2753,"comment_status":"open","ping_status":"closed","template":"","meta":{"spay_email":""},"_links":{"self":[{"href":"https:\/\/www.daskreativlabor.ch\/en\/wp-json\/wp\/v2\/product\/2751"}],"collection":[{"href":"https:\/\/www.daskreativlabor.ch\/en\/wp-json\/wp\/v2\/product"}],"about":[{"href":"https:\/\/www.daskreativlabor.ch\/en\/wp-json\/wp\/v2\/types\/product"}],"replies":[{"embeddable":true,"href":"https:\/\/www.daskreativlabor.ch\/en\/wp-json\/wp\/v2\/comments?post=2751"}],"wp:featuredmedia":[{"embeddable":true,"href":"https:\/\/www.daskreativlabor.ch\/en\/wp-json\/wp\/v2\/media\/2753"}],"wp:attachment":[{"href":"https:\/\/www.daskreativlabor.ch\/en\/wp-json\/wp\/v2\/media?parent=2751"}],"curies":[{"name":"wp","href":"https:\/\/api.w.org\/{rel}","templated":true}]}}