{"id":2757,"date":"2020-08-06T12:01:53","date_gmt":"2020-08-06T12:01:53","guid":{"rendered":"https:\/\/www.daskreativlabor.ch\/?post_type=product&#038;p=2757"},"modified":"2024-08-22T19:36:17","modified_gmt":"2024-08-22T17:36:17","slug":"kreativlabor-to-go-seepferdchen-naehen","status":"publish","type":"product","link":"https:\/\/www.daskreativlabor.ch\/en\/product\/kreativlabor-to-go-seepferdchen-naehen\/","title":{"rendered":"Kreativlabor to go \u2013 Seepferdchen n\u00e4hen"},"content":{"rendered":"<p><strong>Eine s\u00fcsse N\u00e4harbeit und ein pers\u00f6nliches Kuscheltier als Endprodukt!<\/strong><\/p>\n<p>Dies ist eine etwas anspruchsvollere Arbeit f\u00fcr Kinder mit etwas N\u00e4herfahrung. Ideal f\u00fcr Kinder 8+. Gr\u00f6sse des fertigen Seepferdchen ist ca. 17x10cm, Dauer ca. 4 &#8211; 6 Std.<\/p>\n<p>Die Bastelsets von Kreativlabor sind einfach und perfekt, um mit Kindern von Hand zu n\u00e4hen und kreativ zu sein. Alles, was ihr braucht, ist im Kreativ-set enthalten und die Bedienungsanleitung ist klar und enth\u00e4lt viele Fotos. Projekt ausw\u00e4hlen, das Set geliefert bekommen und beginnen &#8211; so einfach geht das! Stoff, Nadeln, Muster, Faden und Garn, alles ist dabei und man kann gleich loslegen.<\/p>\n<p>Im Set bekommst du das Material und die Anleitung zu dir nach Hause geschickt:<\/p>\n<ul>\n<li>Papier \u2013 Vorlage<\/li>\n<li>Filz, Stecknadeln<\/li>\n<li>N\u00e4hfaden\/N\u00e4hnadel<\/li>\n<li>F\u00fcllwatte<\/li>\n<li>Pailletten und Perlen<\/li>\n<li>Stickgarn und 2. Farbe Filz<\/li>\n<\/ul>\n<p>Das brauchst du noch von zu Hause: Schere, Stift: N\u00e4hzauberstift oder Frixion-Stift<\/p>\n<p>Preis exkl. Versand 25.-<\/p>\n<p>&nbsp;<\/p>","protected":false},"excerpt":{"rendered":"<p>Eine s\u00fcsse N\u00e4harbeit und ein pers\u00f6nliches Kuscheltier als Endprodukt!<\/p>\n<p>&nbsp;<\/p>\n<p>Dies ist eine etwas anspruchsvollere Arbeit f\u00fcr Kinder mit etwas N\u00e4herfahrung. Ideal f\u00fcr Kinder 8+. Gr\u00f6sse des fertigen Seepferdchen ist ca. 17x10cm, Dauer ca. 4 &#8211; 6 Std.<\/p>","protected":false},"featured_media":2761,"comment_status":"open","ping_status":"closed","template":"","meta":{"spay_email":""},"_links":{"self":[{"href":"https:\/\/www.daskreativlabor.ch\/en\/wp-json\/wp\/v2\/product\/2757"}],"collection":[{"href":"https:\/\/www.daskreativlabor.ch\/en\/wp-json\/wp\/v2\/product"}],"about":[{"href":"https:\/\/www.daskreativlabor.ch\/en\/wp-json\/wp\/v2\/types\/product"}],"replies":[{"embeddable":true,"href":"https:\/\/www.daskreativlabor.ch\/en\/wp-json\/wp\/v2\/comments?post=2757"}],"wp:featuredmedia":[{"embeddable":true,"href":"https:\/\/www.daskreativlabor.ch\/en\/wp-json\/wp\/v2\/media\/2761"}],"wp:attachment":[{"href":"https:\/\/www.daskreativlabor.ch\/en\/wp-json\/wp\/v2\/media?parent=2757"}],"curies":[{"name":"wp","href":"https:\/\/api.w.org\/{rel}","templated":true}]}}