{"id":3179,"date":"2020-12-09T15:27:13","date_gmt":"2020-12-09T14:27:13","guid":{"rendered":"https:\/\/www.daskreativlabor.ch\/?post_type=product&#038;p=3179"},"modified":"2024-10-29T18:35:14","modified_gmt":"2024-10-29T17:35:14","slug":"kreativlabor-ganz-persoenlich-individueller-workshop","status":"publish","type":"product","link":"https:\/\/www.daskreativlabor.ch\/en\/product\/kreativlabor-ganz-persoenlich-individueller-workshop\/","title":{"rendered":"Kreativlabor ganz pers\u00f6nlich &#8211; individueller Workshop"},"content":{"rendered":"<p>Individueller Workshop \u2013 auch als Geschenk!<\/p>\n<p>Ab 70.-\/Std f\u00fcr 1 oder 2 Teilnehmer<\/p>\n<p>Was auch immer Sie vorhaben, kreativ sein soll einfach Spass machen: Eltern-Kind-N\u00e4hen, N\u00e4hen mit Freunden oder Kreativ in mehreren Generationen&#8230; Vieles ist m\u00f6glich! Gerne helfe ich auch beim Kennenlernen von N\u00e4hmaschinen oder Hilfestellungen bei Problemen an der N\u00e4hmaschine.<\/p>\n<p>Auf die W\u00fcnsche der Teilnehmer wird eingegangen und ein individueller Kurs oder eine Arbeit geplant \u2013 massgeschneidert, sozusagen!<\/p>\n<p>Geeignet f\u00fcr erfahrene und neue Kreativ- und N\u00e4hbegeisterte ab ca. 8 Jahren.<\/p>\n<p>Bitte nehmen Sie mit mir Kontakt auf um die Details und die Daten zu besprechen.<\/p>\n<p><strong>Atelier-Richtlinien<\/strong><\/p>\n<p>Bitte nehmen Sie sich ein paar Minuten Zeit, um die Atelier-Richtlinien und wichtige Informationen zu lesen.<\/p>\n<p>Die Anmeldung f\u00fcr einen Kurs ist verbindlich und wird von Das Kreativlabor schriftlich best\u00e4tigt. Sie werden fr\u00fchzeitig kontaktiert, falls ein Kurs ausgebucht ist oder nicht durchgef\u00fchrt werden kann.<\/p>\n<ul>\n<li>Die Kurskosten sind vorab bei der Buchung mit Kreditkarte oder Bank\u00fcberweisung zu bezahlen. Nach Eingang der Kursgeb\u00fchr ist der Platz definitiv reserviert.<\/li>\n<li>Wer sich anmeldet, verpflichtet sich f\u00fcr den gesamten Kurs. Verpasste Kursstunden k\u00f6nnen nicht entsch\u00e4digt werden und es besteht kein Anrecht auf Ersatzstunden.<\/li>\n<li>Nach fr\u00fchzeitiger Abmeldung (7 Tage und mehr) werden bereits bezahlte Kursgeb\u00fchren zur\u00fcckerstattet, exkl. CHF 50.- Bearbeitungsgeb\u00fchr. Bei Nichterscheinen oder einer Abmeldung sp\u00e4ter als 7 Tage vor Kursbeginn besteht kein Anspruch auf R\u00fcckerstattung des Kursgeldes (Ausnahmen sind Krankheitsf\u00e4lle mit Arztzeugnis und nach Absprache).<\/li>\n<li>Die Projekte sind immer pers\u00f6nlich und werden von den Kursteilnehmer*Innen, ihren F\u00e4higkeiten entsprechend, selber hergestellt. Es gibt keine Garantie f\u00fcr das Fertigstellen der Arbeiten.<\/li>\n<li>Unser moderner Maschinenpark besteht aus hochwertigen BERNINA N\u00e4hmaschinen.<\/li>\n<li>Im Kurs bezogenes Material wie Stoffe und Verbrauchsmaterial wird gegebenenfalls separat verrechnet oder muss vorg\u00e4ngig durch den Teilnehmer*In selbstst\u00e4ndig beschafft werden (Details und Materiallisten werden mit der Kursbest\u00e4tigung nach Eingang der Zahlung verschickt).<\/li>\n<li>Fotos k\u00f6nnen f\u00fcr interne Werbezwecke, in Zeitungen verwendet, auf der Website aufgeschaltet und auf social media ver\u00f6ffentlicht werden.<\/li>\n<li>Versicherung ist Sache der Teilnehmer.<\/li>\n<li>Das Kreativlabor lehnt jede Haftung ab.<\/li>\n<\/ul>\n<p>Durch das Buchen eines Kurses oder Produktes werden die AGB akzeptiert und sind g\u00fcltig bis auf Widerruf.<\/p>","protected":false},"excerpt":{"rendered":"<p>Individueller Workshop \u2013 auch als Geschenk!<\/p>\n<p>Ab 70.-\/Std f\u00fcr 1 oder 2 Teilnehmer<\/p>\n<p>Das ist der Kurs der ganz individuell und pers\u00f6nlich f\u00fcr Sie und\/oder Ihr Kind zusammengestellt wird.<\/p>\n<p>&nbsp;<\/p>","protected":false},"featured_media":3180,"comment_status":"open","ping_status":"closed","template":"","meta":{"spay_email":""},"_links":{"self":[{"href":"https:\/\/www.daskreativlabor.ch\/en\/wp-json\/wp\/v2\/product\/3179"}],"collection":[{"href":"https:\/\/www.daskreativlabor.ch\/en\/wp-json\/wp\/v2\/product"}],"about":[{"href":"https:\/\/www.daskreativlabor.ch\/en\/wp-json\/wp\/v2\/types\/product"}],"replies":[{"embeddable":true,"href":"https:\/\/www.daskreativlabor.ch\/en\/wp-json\/wp\/v2\/comments?post=3179"}],"wp:featuredmedia":[{"embeddable":true,"href":"https:\/\/www.daskreativlabor.ch\/en\/wp-json\/wp\/v2\/media\/3180"}],"wp:attachment":[{"href":"https:\/\/www.daskreativlabor.ch\/en\/wp-json\/wp\/v2\/media?parent=3179"}],"curies":[{"name":"wp","href":"https:\/\/api.w.org\/{rel}","templated":true}]}}