{"id":3181,"date":"2020-12-09T15:58:45","date_gmt":"2020-12-09T14:58:45","guid":{"rendered":"https:\/\/www.daskreativlabor.ch\/?post_type=product&#038;p=3181"},"modified":"2025-12-05T07:37:45","modified_gmt":"2025-12-05T06:37:45","slug":"gutschein","status":"publish","type":"product","link":"https:\/\/www.daskreativlabor.ch\/en\/product\/gutschein\/","title":{"rendered":"Gutschein"},"content":{"rendered":"<p>Gerne stelle ich Ihnen einen pers\u00f6nlichen Gutschein aus mit ihrem Wunsch-Betrag oder f\u00fcr den Kurs ihrer Wahl inkl. pers\u00f6nlichem Text. Bitte Name und\/oder Kurs unter Kommentar bei der Bestellung angeben, dann personalisiere ich den Gutschein gerne.<\/p>\n<p>Das perfekte Geschenk f\u00fcr kreative Kinder!<\/p>\n<p>Bitte nehmen Sie f\u00fcr andere Betr\u00e4ge \u00fcber das Kontaktformular mit mir Kontakt auf. Vielen Dank.<\/p>","protected":false},"excerpt":{"rendered":"<p>Gutschein f\u00fcr das Kreativlabor \u00fcber CHF 50.-. Das perfekte Geschenk f\u00fcr einen &#8222;Grundlagen des N\u00e4hens&#8220; Kurs oder 2x Kreativlabor Mini.<\/p>\n<p>&nbsp;<\/p>","protected":false},"featured_media":3183,"comment_status":"open","ping_status":"closed","template":"","meta":{"spay_email":""},"_links":{"self":[{"href":"https:\/\/www.daskreativlabor.ch\/en\/wp-json\/wp\/v2\/product\/3181"}],"collection":[{"href":"https:\/\/www.daskreativlabor.ch\/en\/wp-json\/wp\/v2\/product"}],"about":[{"href":"https:\/\/www.daskreativlabor.ch\/en\/wp-json\/wp\/v2\/types\/product"}],"replies":[{"embeddable":true,"href":"https:\/\/www.daskreativlabor.ch\/en\/wp-json\/wp\/v2\/comments?post=3181"}],"wp:featuredmedia":[{"embeddable":true,"href":"https:\/\/www.daskreativlabor.ch\/en\/wp-json\/wp\/v2\/media\/3183"}],"wp:attachment":[{"href":"https:\/\/www.daskreativlabor.ch\/en\/wp-json\/wp\/v2\/media?parent=3181"}],"curies":[{"name":"wp","href":"https:\/\/api.w.org\/{rel}","templated":true}]}}