{"id":3437,"date":"2021-04-28T09:21:28","date_gmt":"2021-04-28T07:21:28","guid":{"rendered":"https:\/\/www.daskreativlabor.ch\/?post_type=product&#038;p=3437"},"modified":"2022-05-18T10:34:21","modified_gmt":"2022-05-18T08:34:21","slug":"shirt-oder-sommerkleid-naehen-in-den-sommerferien-26-27-28-29-juli-2021-10-00-13-00-uhr","status":"publish","type":"product","link":"https:\/\/www.daskreativlabor.ch\/en\/product\/shirt-oder-sommerkleid-naehen-in-den-sommerferien-26-27-28-29-juli-2021-10-00-13-00-uhr\/","title":{"rendered":"Shirt oder Sommerkleid n\u00e4hen am Mittwoch Nachmittag \u2013 25. Mai\/1.\/8. Juni 2022 15.00-18.00 Uhr"},"content":{"rendered":"<p><strong>N\u00e4hst du gerne an der N\u00e4hmaschine und m\u00f6chtest ein gr\u00f6sseres Projekt oder mal ein Kleidungsst\u00fcck n\u00e4hen? F\u00fcr Kinder und Jugendliche ab ca 9\/10 Jahren, mit etwas Erfahrung.<br \/>\n<\/strong><\/p>\n<p>Dann bist du hier genau richtig! Verschiedene trendige Shirt, Jupe und Kleider -Vorlagen, die individuell und nach dem eigenen Geschmack gen\u00e4ht werden k\u00f6nnen, sind vorhanden. Kosten: CHF 150.- inkl. z&#8217;N\u00fcni, exkl. Material.<\/p>\n<p>Nach der Anmeldung erhalten Sie weitere Details zu den Shirts\/Kleider und zu den ben\u00f6tigten Stoffen\/ Materialien. Die Teilnehmenden Kinder k\u00f6nnen dann ausw\u00e4hlen, was sie n\u00e4hen m\u00f6chten und das Material vor dem Kurs besorgen. Das Kreativlabor stellt die Muster zur Verf\u00fcgung und bereitet die Gr\u00f6sse individuell vor.<\/p>\n<p>Achtung: Dies ist ein Kurs f\u00fcr Kinder, die bereits etwas N\u00e4herfahrung haben oder den Grundlagen des N\u00e4hens &#8211; Kurs besucht haben.<\/p>\n<p>Ort: Das Kreativlabor, Baumgartenweg 4, 4104 Oberwil<\/p>\n<p>&nbsp;<\/p>\n<h5>Atelier-Richtlinien<\/h5>\n<p>Bitte nehmen Sie sich ein paar Minuten Zeit, um die Atelier-Richtlinien und wichtige Informationen zu lesen.<\/p>\n<p>Die Anmeldung f\u00fcr einen Kurs ist verbindlich und wird von Das Kreativlabor schriftlich best\u00e4tigt. Sie werden fr\u00fchzeitig kontaktiert, falls ein Kurs ausgebucht ist oder nicht durchgef\u00fchrt werden kann.<\/p>\n<ul>\n<li>Die Kurskosten sind vorab bei der Buchung mit Kreditkarte oder Bank\u00fcberweisung zu bezahlen. Nach Eingang der Kursgeb\u00fchr ist der Platz definitiv reserviert.<\/li>\n<li>Wer sich anmeldet, verpflichtet sich f\u00fcr den gesamten Kurs. Verpasste Kursstunden k\u00f6nnen nicht entsch\u00e4digt werden und es besteht kein Anrecht auf Ersatzstunden.<\/li>\n<li>Nach fr\u00fchzeitiger Abmeldung (7 Tage und mehr) werden bereits bezahlte Kursgeb\u00fchren zur\u00fcckerstattet, exkl. CHF 30.- Bearbeitungsgeb\u00fchr. Bei Nichterscheinen oder einer Abmeldung sp\u00e4ter als 7 Tage vor Kursbeginn besteht kein Anspruch auf R\u00fcckerstattung des Kursgeldes (Ausnahmen sind Krankheitsf\u00e4lle mit Arztzeugnis und nach Absprache).<\/li>\n<li>Die Projekte sind immer pers\u00f6nlich und werden von den Kursteilnehmer*Innen, ihren F\u00e4higkeiten entsprechend, selber hergestellt. Es gibt keine Garantie f\u00fcr das Fertigstellen der Arbeiten.<\/li>\n<li>Unser moderner Maschinenpark besteht aus hochwertigen BERNINA N\u00e4hmaschinen.<\/li>\n<li>Im Kurs bezogenes Material wie Stoffe und Verbrauchsmaterial wird gegebenenfalls separat verrechnet oder muss vorg\u00e4ngig durch den Teilnehmer*In selbstst\u00e4ndig beschafft werden (Details und Materiallisten werden mit der Kursbest\u00e4tigung nach Eingang der Zahlung verschickt).<\/li>\n<li>Fotos k\u00f6nnen f\u00fcr interne Werbezwecke, in Zeitungen verwendet, auf der Website aufgeschaltet und auf social media ver\u00f6ffentlicht werden.<\/li>\n<li>Versicherung ist Sache der Teilnehmer.<\/li>\n<li>Das Kreativlabor lehnt jede Haftung ab.<\/li>\n<\/ul>\n<p>Durch das Buchen eines Kurses oder Produktes werden die AGB akzeptiert und sind g\u00fcltig bis auf Widerruf.<\/p>\n<p>Der Kurs beinhaltet\u00a0 ein z\u2019N\u00fcni und Zeit f\u00fcr das Aufr\u00e4umen.<\/p>\n<p>&nbsp;<\/p>","protected":false},"excerpt":{"rendered":"<p>N\u00e4hst du gerne an der N\u00e4hmaschine und m\u00f6chtest gr\u00f6ssere Projekte und Shirts n\u00e4hen? Dann bist du hier genau richtig. Verschiedene trendige Shirt, Jupe und Sommerkleid-Vorlagen, die individuell und nach dem eigenen Geschmack gen\u00e4ht werden k\u00f6nnen, sind vorhanden. Die Teilnehmenden n\u00e4hen ein Kleidungsst\u00fcck nach ihren eigenen W\u00fcnschen und M\u00f6glichkeiten.<\/p>\n<p>Jeweils am Mittwoch Nachmittag: 25. Mai\/1.\/8. Juni 2022 15.00-18.00 Uhr<\/p>\n<p><strong>F\u00fcr Kinder und Jugendliche ab ca 9\/10 Jahren. <\/strong>Dies ist ein Kurs f\u00fcr Kinder, die bereits etwas N\u00e4herfahrung haben oder den Grundlagen des N\u00e4hens &#8211; Kurs besucht haben.<\/p>","protected":false},"featured_media":2639,"comment_status":"open","ping_status":"closed","template":"","meta":{"spay_email":""},"_links":{"self":[{"href":"https:\/\/www.daskreativlabor.ch\/en\/wp-json\/wp\/v2\/product\/3437"}],"collection":[{"href":"https:\/\/www.daskreativlabor.ch\/en\/wp-json\/wp\/v2\/product"}],"about":[{"href":"https:\/\/www.daskreativlabor.ch\/en\/wp-json\/wp\/v2\/types\/product"}],"replies":[{"embeddable":true,"href":"https:\/\/www.daskreativlabor.ch\/en\/wp-json\/wp\/v2\/comments?post=3437"}],"wp:featuredmedia":[{"embeddable":true,"href":"https:\/\/www.daskreativlabor.ch\/en\/wp-json\/wp\/v2\/media\/2639"}],"wp:attachment":[{"href":"https:\/\/www.daskreativlabor.ch\/en\/wp-json\/wp\/v2\/media?parent=3437"}],"curies":[{"name":"wp","href":"https:\/\/api.w.org\/{rel}","templated":true}]}}