{"id":3482,"date":"2021-07-07T10:52:25","date_gmt":"2021-07-07T08:52:25","guid":{"rendered":"https:\/\/www.daskreativlabor.ch\/?post_type=product&#038;p=3482"},"modified":"2026-04-02T14:31:29","modified_gmt":"2026-04-02T12:31:29","slug":"kreativlabor-to-go-camera-pouch-treasure-bag","status":"publish","type":"product","link":"https:\/\/www.daskreativlabor.ch\/en\/product\/kreativlabor-to-go-camera-pouch-treasure-bag\/","title":{"rendered":"Kreativlabor to go \u2013 camera pouch \/ treasure bag"},"content":{"rendered":"<p><strong>Eine tolle N\u00e4harbeit und eine kleine Tasche f\u00fcr Ferien-Erinnerungen als Endprodukt!<\/strong><\/p>\n<p>Dies ist eine einfache Arbeit, auch f\u00fcr Kinder ohne N\u00e4herfahrung. Ideal f\u00fcr Kinder 6+ Jahren. Gr\u00f6sse der fertigen Tasche etwas kleiner als A6, Dauer ca. 2-4Std.<\/p>\n<p>Die Bastelsets von Das Kreativlabor sind einfach und perfekt, um mit Kindern von Hand zu n\u00e4hen und kreativ zu sein. Dieses Set ist ein &#8222;freebie&#8220; und beinhaltet das Schnittmuster f\u00fcr die Kamera-Tasche. Download the free pattern: <a href=\"https:\/\/www.daskreativlabor.ch\/wp-content\/uploads\/2021\/07\/pattern-camera-pouch.pdf\">pattern camera pouch<\/a><\/p>\n<p>&nbsp;<\/p>\n<p>&nbsp;<\/p>","protected":false},"excerpt":{"rendered":"<p><strong>Eine tolle N\u00e4harbeit und eine kleine Tasche f\u00fcr Ferien-Erinnerungen als Endprodukt!<\/strong><\/p>\n<p>Die Bastelsets von Das Kreativlabor sind einfach und perfekt, um mit Kindern von Hand zu n\u00e4hen und kreativ zu sein.<\/p>\n<p>Dieses Set ist ein &#8222;freebie&#8220; und beinhaltet das Schnittmuster f\u00fcr die Kamera-Tasche. Download the free pattern: <a href=\"https:\/\/www.daskreativlabor.ch\/wp-content\/uploads\/2021\/07\/pattern-camera-pouch.pdf\">pattern camera pouch<\/a><\/p>","protected":false},"featured_media":3486,"comment_status":"open","ping_status":"closed","template":"","meta":{"spay_email":""},"_links":{"self":[{"href":"https:\/\/www.daskreativlabor.ch\/en\/wp-json\/wp\/v2\/product\/3482"}],"collection":[{"href":"https:\/\/www.daskreativlabor.ch\/en\/wp-json\/wp\/v2\/product"}],"about":[{"href":"https:\/\/www.daskreativlabor.ch\/en\/wp-json\/wp\/v2\/types\/product"}],"replies":[{"embeddable":true,"href":"https:\/\/www.daskreativlabor.ch\/en\/wp-json\/wp\/v2\/comments?post=3482"}],"wp:featuredmedia":[{"embeddable":true,"href":"https:\/\/www.daskreativlabor.ch\/en\/wp-json\/wp\/v2\/media\/3486"}],"wp:attachment":[{"href":"https:\/\/www.daskreativlabor.ch\/en\/wp-json\/wp\/v2\/media?parent=3482"}],"curies":[{"name":"wp","href":"https:\/\/api.w.org\/{rel}","templated":true}]}}