{"id":3684,"date":"2022-05-18T09:39:05","date_gmt":"2022-05-18T07:39:05","guid":{"rendered":"https:\/\/www.daskreativlabor.ch\/?post_type=product&#038;p=3684"},"modified":"2025-08-14T13:53:34","modified_gmt":"2025-08-14T11:53:34","slug":"naehlabor-montagnachmittag-fuer-kinder-von-8-11-jahren-herbstmodul-15-aug-22-7-nov-22","status":"publish","type":"product","link":"https:\/\/www.daskreativlabor.ch\/en\/product\/naehlabor-montagnachmittag-fuer-kinder-von-8-11-jahren-herbstmodul-15-aug-22-7-nov-22\/","title":{"rendered":"N\u00e4hlabor Dienstagnachmittag f\u00fcr Kinder von 8 -12 Jahren &#8211; 16.00-17.45 Uhr"},"content":{"rendered":"<p><strong>F\u00fcr N\u00e4hfreudige und Kreativbegeisterte ab ca. 3. Klasse! Einstieg in die Gruppe ist jederzeit m\u00f6glich\u00a0<\/strong><\/p>\n<p>Jeweils dienstags von 16.00-17.45 Uhr<\/p>\n<p>Herbst\/Winter Semester 25\/26: 12. August 2025 bis 20. Januar 2026 (1 Semester \/ 20 Wochen)<\/p>\n<p>Fr\u00fchling\/Sommer Semester 2026: noch nicht buchbar<\/p>\n<p>Ich f\u00fchre eine Warteliste \u2013 bitte das Kontaktformular ausf\u00fcllen<\/p>\n<p>Die Sch\u00fcler*innen kommen nach der Schule und erarbeiten verschiedene pers\u00f6nliche N\u00e4hprojekte nach ihren eigenen W\u00fcnschen und M\u00f6glichkeiten an der N\u00e4hmaschine. N\u00e4hanf\u00e4nger*innen sind herzlich willkommen und werden die Grundlagen der N\u00e4hmaschine schnell erlernen.<\/p>\n<p>Kosten: CHF 27.- \/ Woche &#8211; total CHF 600.- inkl. 60.- Materialpauschale\/Semester und Z&#8217;Vieri.<\/p>\n<p>Ort: Das Kreativlabor, Baumgartenweg 4, 4104 Oberwil<\/p>\n<p>Der Kurs beinhaltet zudem freie Spielzeit, ein z\u2019Vieri und Zeit f\u00fcr das Aufr\u00e4umen.<\/p>\n<h5>Atelier-Richtlinien<\/h5>\n<p>Die Anmeldung f\u00fcr einen Kurs ist verbindlich und wird von Das Kreativlabor schriftlich best\u00e4tigt. Sie werden fr\u00fchzeitig kontaktiert, falls ein Kurs ausgebucht ist oder nicht durchgef\u00fchrt werden kann.<\/p>\n<ul>\n<li>Die Kurskosten sind vorab bei der Buchung mit Kreditkarte oder Bank\u00fcberweisung zu bezahlen. Nach Eingang der Kursgeb\u00fchr ist der Platz definitiv reserviert.<\/li>\n<li>Wer sich anmeldet, verpflichtet sich f\u00fcr den gesamten Kurs. Verpasste Kursstunden k\u00f6nnen nicht entsch\u00e4digt werden und es besteht kein Anrecht auf Ersatzstunden. Nach M\u00f6glichkeit k\u00f6nnen verpasste Stunden in einer anderen Gruppe nachgeholt werden.<\/li>\n<li>Nach fr\u00fchzeitiger Abmeldung (7 Tage und mehr vor Kursstart) werden bereits bezahlte Kursgeb\u00fchren zur\u00fcckerstattet, exkl. CHF 20-50.- Bearbeitungsgeb\u00fchr (je nach Kurs). Bei Nichterscheinen oder einer Abmeldung sp\u00e4ter als 7 Tage vor Kursbeginn besteht kein Anspruch auf R\u00fcckerstattung des Kursgeldes (Ausnahmen sind Krankheitsf\u00e4lle mit Arztzeugnis und nach Absprache).<\/li>\n<li>Die Projekte sind immer pers\u00f6nlich und werden von den Kursteilnehmer*Innen, ihren F\u00e4higkeiten entsprechend, selber hergestellt. Es gibt keine Garantie f\u00fcr das Fertigstellen der Arbeiten.<\/li>\n<li>Der moderne Maschinenpark besteht aus hochwertigen BERNINA N\u00e4hmaschinen und BERNINA Overlockmaschinen.<\/li>\n<li>Im Kurs bezogenes Material wie Stoffe und Verbrauchsmaterial wird gegebenenfalls separat verrechnet oder muss vorg\u00e4ngig durch den Teilnehmer*In selbstst\u00e4ndig beschafft werden (Details und Materiallisten werden mit der Kursbest\u00e4tigung nach Eingang der Zahlung verschickt).<\/li>\n<li>Fotos k\u00f6nnen f\u00fcr interne Werbezwecke, in Zeitungen verwendet, auf der Website aufgeschaltet und auf social media Kan\u00e4len ver\u00f6ffentlicht werden.<\/li>\n<li>Versicherung ist Sache der Teilnehmer.<\/li>\n<li>Das Kreativlabor lehnt jede Haftung ab.<\/li>\n<\/ul>\n<p>Durch das Buchen eines Kurses oder Produktes werden die AGB akzeptiert und sind g\u00fcltig bis auf Widerruf.<\/p>\n<p>Richtlinien f\u00fcr die fortlaufenden Modulkurse\/Semesterkurse:<\/p>\n<p>Der Kurs beinhaltet neben der kreativen Arbeit zudem freie Spielzeit, ein z\u2019Vieri und Zeit f\u00fcr das Aufr\u00e4umen. Die Teilnehmer r\u00e4umen ihren Arbeitsplatz eigenst\u00e4ndig auf.<\/p>\n<p>Ich verstehe, dass sich Dinge in letzter Minute \u00e4ndern, aber ich bitte um eine Mitteilung, wenn Ihr Kind nicht kommt. Falls ein Sch\u00fcler oder eine Sch\u00fclerin unabgemeldet nicht zum Kurs erscheint, werde ich Sie anrufen, damit sich alle sicher f\u00fchlen k\u00f6nnen.<\/p>\n<p>Bitte teilen Sie mir 3 Wochen vor Beginn einer neuen Kurseinheit mit, falls Ihr Kind den Kurs verl\u00e4sst. So kann ich einem Kind auf der Warteliste den frei werdenden Platz anbieten. Danke!<\/p>\n<p>Der Fokus der Kurse liegt in der k\u00fcnstlerischen und handwerklichen Arbeit und l\u00e4nger dauernden kreativen Projekten. Es liegt mir viel daran, dass die Kursteilnehmer*innen sich auf den intensiven Prozess der Herstellung einlassen k\u00f6nnen, damit die entstandenen Werke auch f\u00fcr lange Zeit Freude bereiten<\/p>","protected":false},"excerpt":{"rendered":"<p><strong>F\u00fcr N\u00e4hfreudige und Kreativbegeisterte ab ca. 3. Klasse! Einstieg in die Gruppe ist jederzeit m\u00f6glich &#8211; <\/strong>Noch 1 freier Platz!<\/p>\n<p>Jeweils dienstags von 16.00-17.45 Uhr &#8211; Semesterkurs, kein Kurs w\u00e4hrend den Schulferien<\/p>\n<p>Herbst\/Winter Semester 25\/26: 12. August 2025 bis 20. Januar 2026 (1 Semester \/ 20 Wochen)<\/p>\n<p>Fr\u00fchling\/Sommer Semester 2026: noch nicht buchbar<\/p>\n<p>Ich f\u00fchre eine Warteliste \u2013 bitte das Kontaktformular ausf\u00fcllen<\/p>\n<p>Die Sch\u00fcler*innen kommen nach der Schule und erarbeiten verschiedene pers\u00f6nliche N\u00e4hprojekte nach ihren eigenen W\u00fcnschen und M\u00f6glichkeiten an der N\u00e4hmaschine. N\u00e4hanf\u00e4nger*innen sind herzlich willkommen und werden die Grundlagen der N\u00e4hmaschine schnell erlernen.<\/p>\n<p>&nbsp;<\/p>","protected":false},"featured_media":3197,"comment_status":"open","ping_status":"closed","template":"","meta":{"spay_email":""},"_links":{"self":[{"href":"https:\/\/www.daskreativlabor.ch\/en\/wp-json\/wp\/v2\/product\/3684"}],"collection":[{"href":"https:\/\/www.daskreativlabor.ch\/en\/wp-json\/wp\/v2\/product"}],"about":[{"href":"https:\/\/www.daskreativlabor.ch\/en\/wp-json\/wp\/v2\/types\/product"}],"replies":[{"embeddable":true,"href":"https:\/\/www.daskreativlabor.ch\/en\/wp-json\/wp\/v2\/comments?post=3684"}],"wp:featuredmedia":[{"embeddable":true,"href":"https:\/\/www.daskreativlabor.ch\/en\/wp-json\/wp\/v2\/media\/3197"}],"wp:attachment":[{"href":"https:\/\/www.daskreativlabor.ch\/en\/wp-json\/wp\/v2\/media?parent=3684"}],"curies":[{"name":"wp","href":"https:\/\/api.w.org\/{rel}","templated":true}]}}