{"id":3690,"date":"2022-05-18T11:05:04","date_gmt":"2022-05-18T09:05:04","guid":{"rendered":"https:\/\/www.daskreativlabor.ch\/?post_type=product&#038;p=3690"},"modified":"2026-02-28T10:42:53","modified_gmt":"2026-02-28T09:42:53","slug":"naehlabor-fuer-fortgeschrittene-und-teenager-donnerstag-abend-herbstmodul-18-aug-3-nov-22-kopie","status":"publish","type":"product","link":"https:\/\/www.daskreativlabor.ch\/en\/product\/naehlabor-fuer-fortgeschrittene-und-teenager-donnerstag-abend-herbstmodul-18-aug-3-nov-22-kopie\/","title":{"rendered":"N\u00e4hlabor f\u00fcr Fortgeschrittene und Teenager \u2013 Dienstag Abend 18.00-19.45 Uhr"},"content":{"rendered":"<p><strong>Der N\u00e4hkurs f\u00fcr Teenager, die Ideen verwirklichen wollen!<\/strong><\/p>\n<p>Jeweils dienstags von 18.00-19.45 Uhr<\/p>\n<p>Herbst\/Winter Semester 25\/26: 12. August 2025 bis 20. Januar 2026 (1 Semester \/ 20 Wochen)<\/p>\n<p>Fr\u00fchling\/Sommer Semester 2026: noch nicht buchbar<\/p>\n<p>Ich f\u00fchre eine Warteliste &#8211; bitte das Kontaktformular ausf\u00fcllen<\/p>\n<p>Die Kursteilnehmer*innen kreieren verschiedene N\u00e4hprojekte nach Vorlagen und n\u00e4hen Kleider nach ihren eigenen W\u00fcnschen und M\u00f6glichkeiten. Dies ist ein Kurs f\u00fcr n\u00e4hbegeisterte \u00e4ltere Kinder und Teenager mit oder ohne N\u00e4herfahrung.<\/p>\n<p>Geeignet f\u00fcr Kinder und Jugendliche zwischen ca. 11 und ca. 15 Jahren, auch f\u00fcr Anf\u00e4nger geeignet!<\/p>\n<p>Kosten: CHF 27.- \/ Woche &#8211; total CHF 564.- inkl. 24.- Materialpauschale\/Semester, exkl. pers\u00f6nliche Materialkosten und Stoffe f\u00fcr die eigenen Projekte.<\/p>\n<p>Ort: Das Kreativlabor, Baumgartenweg 4, 4104 Oberwil<\/p>\n<p>&nbsp;<\/p>\n<h5>Atelier-Richtlinien<\/h5>\n<p>Die Anmeldung f\u00fcr einen Kurs ist verbindlich und wird von Das Kreativlabor schriftlich best\u00e4tigt. Sie werden fr\u00fchzeitig kontaktiert, falls ein Kurs ausgebucht ist oder nicht durchgef\u00fchrt werden kann.<\/p>\n<ul>\n<li>Die Kurskosten sind vorab bei der Buchung mit Kreditkarte oder Bank\u00fcberweisung zu bezahlen. Nach Eingang der Kursgeb\u00fchr ist der Platz definitiv reserviert.<\/li>\n<li>Wer sich anmeldet, verpflichtet sich f\u00fcr den gesamten Kurs. Verpasste Kursstunden k\u00f6nnen nicht entsch\u00e4digt werden und es besteht kein Anrecht auf Ersatzstunden. Nach M\u00f6glichkeit k\u00f6nnen verpasste Stunden in einer anderen Gruppe nachgeholt werden.<\/li>\n<li>Nach fr\u00fchzeitiger Abmeldung (7 Tage und mehr vor Kursstart) werden bereits bezahlte Kursgeb\u00fchren zur\u00fcckerstattet, exkl. CHF 20-50.- Bearbeitungsgeb\u00fchr (je nach Kurs). Bei Nichterscheinen oder einer Abmeldung sp\u00e4ter als 7 Tage vor Kursbeginn besteht kein Anspruch auf R\u00fcckerstattung des Kursgeldes (Ausnahmen sind Krankheitsf\u00e4lle mit Arztzeugnis und nach Absprache).<\/li>\n<li>Die Projekte sind immer pers\u00f6nlich und werden von den Kursteilnehmer*Innen, ihren F\u00e4higkeiten entsprechend, selber hergestellt. Es gibt keine Garantie f\u00fcr das Fertigstellen der Arbeiten.<\/li>\n<li>Der moderne Maschinenpark besteht aus hochwertigen BERNINA N\u00e4hmaschinen und Bernina Overlockmaschinen.<\/li>\n<li>Im Kurs bezogenes Material wie Stoffe und Verbrauchsmaterial wird gegebenenfalls separat verrechnet oder muss vorg\u00e4ngig durch den Teilnehmer*In selbstst\u00e4ndig beschafft werden (Details und Materiallisten werden mit der Kursbest\u00e4tigung nach Eingang der Zahlung verschickt).<\/li>\n<li>Fotos k\u00f6nnen f\u00fcr interne Werbezwecke, in Zeitungen verwendet, auf der Website aufgeschaltet und auf social media Kan\u00e4len ver\u00f6ffentlicht werden.<\/li>\n<li>Versicherung ist Sache der Teilnehmer.<\/li>\n<li>Das Kreativlabor lehnt jede Haftung ab.<\/li>\n<\/ul>\n<p>Durch das Buchen eines Kurses oder Produktes werden die AGB akzeptiert und sind g\u00fcltig bis auf Widerruf.<\/p>\n<p>Richtlinien f\u00fcr die fortlaufenden Modulkurse\/Semesterkurse:<\/p>\n<p>Der Kurs beinhaltet neben der kreativen Arbeit zudem freie Spielzeit, ein z\u2019Vieri und Zeit f\u00fcr das Aufr\u00e4umen. Die Teilnehmer r\u00e4umen ihren Arbeitsplatz eigenst\u00e4ndig auf.<\/p>\n<p>Ich verstehe, dass sich Dinge in letzter Minute \u00e4ndern, aber ich bitte um eine Mitteilung, wenn Ihr Kind nicht kommt. Falls ein Sch\u00fcler oder eine Sch\u00fclerin unabgemeldet nicht zum Kurs erscheint, werde ich Sie anrufen, damit sich alle sicher f\u00fchlen k\u00f6nnen.<\/p>\n<p>Bitte teilen Sie mir 3 Wochen vor Beginn einer neuen Kurseinheit mit, falls Ihr Kind den Kurs verl\u00e4sst. So kann ich einem Kind auf der Warteliste den frei werdenden Platz anbieten. Danke!<\/p>\n<p>Der Fokus der Kurse liegt in der k\u00fcnstlerischen und handwerklichen Arbeit und l\u00e4nger dauernden kreativen Projekten. Es liegt mir viel daran, dass die Kursteilnehmer*innen sich auf den intensiven Prozess der Herstellung einlassen k\u00f6nnen, damit die entstandenen Werke auch f\u00fcr lange Zeit Freude bereiten<\/p>\n<p>&nbsp;<\/p>","protected":false},"excerpt":{"rendered":"<p><strong>Der N\u00e4hkurs f\u00fcr alle, die mehr wollen\u2026 Einstieg ist jederzeit m\u00f6glich und auch f\u00fcr Anf\u00e4nger*innen geeignet! Noch 1 freier Platz<\/strong><\/p>\n<p>Jeweils dienstags von 18.00-19.45 Uhr<\/p>\n<p>Herbst\/Winter Semester 25\/26: 12. August 2025 bis 20. Januar 2026 (1 Semester \/ 20 Wochen)<\/p>\n<p>Fr\u00fchling\/Sommer Semester 2026: noch nicht buchbar<\/p>\n<p>Ich f\u00fchre eine Warteliste &#8211; bitte das Kontaktformular ausf\u00fcllen<\/p>\n<p>Dies ist ein N\u00e4hkurs f\u00fcr \u00e4ltere Kinder und Jugendliche mit N\u00e4herfahrung oder f\u00fcr N\u00e4heinsteiger ab ca. der 6. Klasse \/ ca. 11 &#8211; ca. 15 Jahren. Die Kursteilnehmer*innen kreieren verschiedene N\u00e4hprojekte wie Taschen, Rucks\u00e4cke nach Vorlagen oder n\u00e4hen Kleider nach ihren eigenen W\u00fcnschen und M\u00f6glichkeiten.<\/p>\n<p>Kein Kurs w\u00e4hrend den Schulferien<\/p>","protected":false},"featured_media":3383,"comment_status":"open","ping_status":"closed","template":"","meta":{"spay_email":""},"_links":{"self":[{"href":"https:\/\/www.daskreativlabor.ch\/en\/wp-json\/wp\/v2\/product\/3690"}],"collection":[{"href":"https:\/\/www.daskreativlabor.ch\/en\/wp-json\/wp\/v2\/product"}],"about":[{"href":"https:\/\/www.daskreativlabor.ch\/en\/wp-json\/wp\/v2\/types\/product"}],"replies":[{"embeddable":true,"href":"https:\/\/www.daskreativlabor.ch\/en\/wp-json\/wp\/v2\/comments?post=3690"}],"wp:featuredmedia":[{"embeddable":true,"href":"https:\/\/www.daskreativlabor.ch\/en\/wp-json\/wp\/v2\/media\/3383"}],"wp:attachment":[{"href":"https:\/\/www.daskreativlabor.ch\/en\/wp-json\/wp\/v2\/media?parent=3690"}],"curies":[{"name":"wp","href":"https:\/\/api.w.org\/{rel}","templated":true}]}}