{"id":3738,"date":"2022-10-21T17:18:01","date_gmt":"2022-10-21T15:18:01","guid":{"rendered":"https:\/\/www.daskreativlabor.ch\/?post_type=product&#038;p=3738"},"modified":"2025-10-19T14:03:15","modified_gmt":"2025-10-19T12:03:15","slug":"advents-special-fuer-kinder-von-4-8-jahren-mi-7-dezember-oder-fr-16-dezember-2022-kopie","status":"publish","type":"product","link":"https:\/\/www.daskreativlabor.ch\/en\/product\/advents-special-fuer-kinder-von-4-8-jahren-mi-7-dezember-oder-fr-16-dezember-2022-kopie\/","title":{"rendered":"Grundlagen des N\u00e4hens f\u00fcr Kinder ab 8 Jahren"},"content":{"rendered":"<p><strong>N\u00e4hen an der N\u00e4hmaschine f\u00fcr Kinder ab 8 Jahren &#8211; der Klassiker ist zur\u00fcck!<\/strong><\/p>\n<p>Samstag, 29 November 2025 10.00-13.00 Uhr &#8211; Weihnachtsspecial<\/p>\n<p>In diesem Kurs erlernen die Kinder die Grundlagen des N\u00e4hens mit der N\u00e4hmaschine. Vom Einf\u00e4deln bis verschiedene Stiche lernen wir die Grundlagen des N\u00e4hens und fertigen ein kleines Etui oder Portemonnaie an! Fortgeschrittene Kinder k\u00f6nnen ihren F\u00e4higkeiten entsprechend aus verschiedenen N\u00e4h-Projekten ausw\u00e4hlen und n\u00e4hen, was sie m\u00f6chten. Dieser Kurs ist f\u00fcr N\u00e4hanf\u00e4nger*innen geeignet und ge\u00fcbte Kinder k\u00f6nnen an diesem Morgen ein tolles Projekt n\u00e4hen .<\/p>\n<p>In diesem Kurs halte ich die Gruppen bewusst klein, damit ich genug Zeit und Aufmerksamkeit f\u00fcr jedes Kind habe: Gruppengr\u00f6sse 4 Kinder.<\/p>\n<p>Kosten: 70.- inkl. Snacks und Materialkosten<\/p>\n<p>Ort: Das Kreativlabor, Baumgartenweg 4, 4104 Oberwil<\/p>\n<p>&nbsp;<\/p>\n<p>&nbsp;<\/p>\n<h5>Atelier-Richtlinien<\/h5>\n<p>Bitte nehmen Sie sich ein paar Minuten Zeit, um die Atelier-Richtlinien und wichtige Informationen zu lesen.<\/p>\n<p>Die Anmeldung f\u00fcr einen Kurs ist verbindlich und wird von Das Kreativlabor schriftlich best\u00e4tigt. Sie werden fr\u00fchzeitig kontaktiert, falls ein Kurs ausgebucht ist oder nicht durchgef\u00fchrt werden kann.<\/p>\n<ul>\n<li>Die Kurskosten sind vorab bei der Buchung mit Kreditkarte oder Bank\u00fcberweisung zu bezahlen. Nach Eingang der Kursgeb\u00fchr ist der Platz definitiv reserviert.<\/li>\n<li>Wer sich anmeldet, verpflichtet sich f\u00fcr den gesamten Kurs. Verpasste Kursstunden k\u00f6nnen nicht entsch\u00e4digt werden und es besteht kein Anrecht auf Ersatzstunden.<\/li>\n<li>Nach fr\u00fchzeitiger Abmeldung (7 Tage und mehr) werden bereits bezahlte Kursgeb\u00fchren zur\u00fcckerstattet, exkl. CHF 20.- Bearbeitungsgeb\u00fchr. Bei Nichterscheinen oder einer Abmeldung sp\u00e4ter als 7 Tage vor Kursbeginn besteht kein Anspruch auf R\u00fcckerstattung des Kursgeldes (Ausnahmen sind Krankheitsf\u00e4lle mit Arztzeugnis und nach Absprache).<\/li>\n<li>Die Projekte sind immer pers\u00f6nlich und werden von den Kursteilnehmer*Innen, ihren F\u00e4higkeiten entsprechend, selber hergestellt. Es gibt keine Garantie f\u00fcr das Fertigstellen der Arbeiten.<\/li>\n<li>Unser moderner Maschinenpark besteht aus hochwertigen BERNINA N\u00e4hmaschinen.<\/li>\n<li>Im Kurs bezogenes Material wie Stoffe und Verbrauchsmaterial wird gegebenenfalls separat verrechnet oder muss vorg\u00e4ngig durch den Teilnehmer*In selbstst\u00e4ndig beschafft werden (Details und Materiallisten werden mit der Kursbest\u00e4tigung nach Eingang der Zahlung verschickt).<\/li>\n<li>Fotos k\u00f6nnen f\u00fcr interne Werbezwecke, in Zeitungen verwendet, auf der Website aufgeschaltet und auf social media ver\u00f6ffentlicht werden.<\/li>\n<li>Versicherung ist Sache der Teilnehmer.<\/li>\n<li>Das Kreativlabor lehnt jede Haftung ab.<\/li>\n<\/ul>\n<p>Durch das Buchen eines Kurses oder Produktes werden die AGB akzeptiert und sind g\u00fcltig bis auf Widerruf.<\/p>\n<p>Der Kurs beinhaltet zudem freie Spielzeit, ein z\u2019Vieri und Zeit f\u00fcr das Aufr\u00e4umen.<\/p>\n<p>&nbsp;<\/p>\n<p>&nbsp;<\/p>","protected":false},"excerpt":{"rendered":"<p><strong>N\u00e4hen an der N\u00e4hmaschine f\u00fcr Kinder ab 8 Jahren &#8211; der Klassiker ist zur\u00fcck!<\/strong><\/p>\n<p>Samstag, 29 November 2025 10.00-13.00 Uhr &#8211; Weihnachtsspecial<\/p>\n<p>In diesem Kurs erlernen die Kinder die Grundlagen des N\u00e4hens mit der N\u00e4hmaschine. Vom Einf\u00e4deln bis verschiedene Stiche lernen wir die Grundlagen des N\u00e4hens und fertigen ein kleines Etui oder Portemonnaie an! Fortgeschrittene Kinder k\u00f6nnen ihren F\u00e4higkeiten entsprechend aus verschiedenen N\u00e4h-Projekten ausw\u00e4hlen und n\u00e4hen, was sie m\u00f6chten. Dieser Kurs ist f\u00fcr N\u00e4hanf\u00e4nger*innen geeignet und ge\u00fcbte Kinder k\u00f6nnen an diesem Morgen ein tolles Projekt n\u00e4hen .<\/p>\n<p>In diesem Kurs halte ich die Gruppen bewusst klein, damit ich genug Zeit und Aufmerksamkeit f\u00fcr jedes Kind habe: Gruppengr\u00f6sse 4 Kinder.<\/p>\n<p>Kosten: 70.- inkl. Snacks und Materialkosten<\/p>\n<p>Ort: Das Kreativlabor, Baumgartenweg 4, 4104 Oberwil<\/p>","protected":false},"featured_media":3695,"comment_status":"open","ping_status":"closed","template":"","meta":{"spay_email":""},"_links":{"self":[{"href":"https:\/\/www.daskreativlabor.ch\/en\/wp-json\/wp\/v2\/product\/3738"}],"collection":[{"href":"https:\/\/www.daskreativlabor.ch\/en\/wp-json\/wp\/v2\/product"}],"about":[{"href":"https:\/\/www.daskreativlabor.ch\/en\/wp-json\/wp\/v2\/types\/product"}],"replies":[{"embeddable":true,"href":"https:\/\/www.daskreativlabor.ch\/en\/wp-json\/wp\/v2\/comments?post=3738"}],"wp:featuredmedia":[{"embeddable":true,"href":"https:\/\/www.daskreativlabor.ch\/en\/wp-json\/wp\/v2\/media\/3695"}],"wp:attachment":[{"href":"https:\/\/www.daskreativlabor.ch\/en\/wp-json\/wp\/v2\/media?parent=3738"}],"curies":[{"name":"wp","href":"https:\/\/api.w.org\/{rel}","templated":true}]}}